{"id":2346,"date":"2025-10-15T15:20:50","date_gmt":"2025-10-15T13:20:50","guid":{"rendered":"https:\/\/www.lansomania.com\/anchorx\/?post_type=product&#038;p=2346"},"modified":"2025-10-15T15:20:50","modified_gmt":"2025-10-15T13:20:50","slug":"kapake-alumini-ne-cift-300mm-360mm-380mm","status":"publish","type":"product","link":"https:\/\/www.lansomania.com\/anchorx\/product\/kapake-alumini-ne-cift-300mm-360mm-380mm\/","title":{"rendered":"Kapak\u00eb alumini n\u00eb \u00e7ift 300mm\/360mm\/380mm"},"content":{"rendered":"<p data-start=\"220\" data-end=\"516\">Kapak\u00ebt tan\u00eb t\u00eb aluminit prodhohen me materiale cil\u00ebsore q\u00eb garantojn\u00eb <strong data-start=\"350\" data-end=\"397\">fort\u00ebsi, jet\u00ebgjat\u00ebsi dhe pamje profesionale<\/strong>.<br data-start=\"398\" data-end=\"401\" \/>Ideale p\u00ebr p\u00ebrdorim n\u00eb sistemet e profileve, mbyllje konstruktive dhe aplikime t\u00eb ndryshme n\u00eb nd\u00ebrtim e industri.<\/p>\n<p data-start=\"518\" data-end=\"758\">\u2705 T\u00eb disponuesh\u00ebm n\u00eb p\u00ebrmasa: <strong data-start=\"548\" data-end=\"574\">300mm, 360mm dhe 380mm<\/strong><br data-start=\"574\" data-end=\"577\" \/>\u2705 <strong data-start=\"579\" data-end=\"590\">N\u00eb \u00e7ift<\/strong> \u2013 p\u00ebr montim t\u00eb leht\u00eb dhe p\u00ebrshtatje perfekte<br data-start=\"636\" data-end=\"639\" \/>\u2705 <strong data-start=\"641\" data-end=\"696\">Rezistent ndaj korrozionit dhe kushteve atmosferike<\/strong><br data-start=\"696\" data-end=\"699\" \/>\u2705 <strong data-start=\"701\" data-end=\"727\" data-is-only-node=\"\">Pamje elegante alumini<\/strong> q\u00eb p\u00ebrshtatet me \u00e7do projekt<\/p>\n","protected":false},"excerpt":{"rendered":"<p>Kapak\u00ebt tan\u00eb t\u00eb aluminit prodhohen me materiale cil\u00ebsore q\u00eb garantojn\u00eb <strong data-start=\"350\" data-end=\"397\">fort\u00ebsi, jet\u00ebgjat\u00ebsi dhe pamje profesionale<\/strong>.<br data-start=\"398\" data-end=\"401\" \/>Ideale p\u00ebr p\u00ebrdorim n\u00eb sistemet e profileve, mbyllje konstruktive dhe aplikime t\u00eb ndryshme n\u00eb nd\u00ebrtim e industri.<\/p>\n","protected":false},"featured_media":2347,"template":"","meta":[],"product_brand":[],"product_cat":[49],"product_tag":[],"class_list":{"0":"post-2346","1":"product","2":"type-product","3":"status-publish","4":"has-post-thumbnail","6":"product_cat-pikore-windowsill","8":"first","9":"instock","10":"shipping-taxable","11":"product-type-simple"},"yoast_head":"<!-- This site is optimized with the Yoast SEO plugin v27.4 - https:\/\/yoast.com\/product\/yoast-seo-wordpress\/ -->\n<title>Kapak\u00eb alumini n\u00eb \u00e7ift 300mm\/360mm\/380mm | anchorX<\/title>\n<meta name=\"robots\" content=\"index, follow, max-snippet:-1, max-image-preview:large, max-video-preview:-1\" \/>\n<link rel=\"canonical\" href=\"https:\/\/www.lansomania.com\/anchorx\/product\/kapake-alumini-ne-cift-300mm-360mm-380mm\/\" \/>\n<meta property=\"og:locale\" content=\"en_US\" \/>\n<meta property=\"og:type\" content=\"article\" \/>\n<meta property=\"og:title\" content=\"Kapak\u00eb alumini n\u00eb \u00e7ift 300mm\/360mm\/380mm | anchorX\" \/>\n<meta property=\"og:description\" content=\"Kapak\u00ebt tan\u00eb t\u00eb aluminit prodhohen me materiale cil\u00ebsore q\u00eb garantojn\u00eb fort\u00ebsi, jet\u00ebgjat\u00ebsi dhe pamje profesionale.Ideale p\u00ebr p\u00ebrdorim n\u00eb sistemet e profileve, mbyllje konstruktive dhe aplikime t\u00eb ndryshme n\u00eb nd\u00ebrtim e industri.\" \/>\n<meta property=\"og:url\" content=\"https:\/\/www.lansomania.com\/anchorx\/product\/kapake-alumini-ne-cift-300mm-360mm-380mm\/\" \/>\n<meta property=\"og:site_name\" content=\"anchorX\" \/>\n<meta property=\"article:publisher\" content=\"https:\/\/www.facebook.com\/anchorXbylans\" \/>\n<meta property=\"og:image\" content=\"https:\/\/www.lansomania.com\/anchorx\/wp-content\/uploads\/2025\/10\/PIKORE-kapak.jpg\" \/>\n\t<meta property=\"og:image:width\" content=\"504\" \/>\n\t<meta property=\"og:image:height\" content=\"500\" \/>\n\t<meta property=\"og:image:type\" content=\"image\/jpeg\" \/>\n<meta name=\"twitter:card\" content=\"summary_large_image\" \/>\n<meta name=\"twitter:label1\" content=\"Est. reading time\" \/>\n\t<meta name=\"twitter:data1\" content=\"1 minute\" \/>\n<script type=\"application\/ld+json\" class=\"yoast-schema-graph\">{\"@context\":\"https:\\\/\\\/schema.org\",\"@graph\":[{\"@type\":\"WebPage\",\"@id\":\"https:\\\/\\\/www.lansomania.com\\\/anchorx\\\/product\\\/kapake-alumini-ne-cift-300mm-360mm-380mm\\\/\",\"url\":\"https:\\\/\\\/www.lansomania.com\\\/anchorx\\\/product\\\/kapake-alumini-ne-cift-300mm-360mm-380mm\\\/\",\"name\":\"Kapak\u00eb alumini n\u00eb \u00e7ift 300mm\\\/360mm\\\/380mm | anchorX\",\"isPartOf\":{\"@id\":\"https:\\\/\\\/www.lansomania.com\\\/anchorx\\\/#website\"},\"primaryImageOfPage\":{\"@id\":\"https:\\\/\\\/www.lansomania.com\\\/anchorx\\\/product\\\/kapake-alumini-ne-cift-300mm-360mm-380mm\\\/#primaryimage\"},\"image\":{\"@id\":\"https:\\\/\\\/www.lansomania.com\\\/anchorx\\\/product\\\/kapake-alumini-ne-cift-300mm-360mm-380mm\\\/#primaryimage\"},\"thumbnailUrl\":\"https:\\\/\\\/www.lansomania.com\\\/anchorx\\\/wp-content\\\/uploads\\\/2025\\\/10\\\/PIKORE-kapak.jpg\",\"datePublished\":\"2025-10-15T13:20:50+00:00\",\"breadcrumb\":{\"@id\":\"https:\\\/\\\/www.lansomania.com\\\/anchorx\\\/product\\\/kapake-alumini-ne-cift-300mm-360mm-380mm\\\/#breadcrumb\"},\"inLanguage\":\"en-US\",\"potentialAction\":[{\"@type\":\"ReadAction\",\"target\":[\"https:\\\/\\\/www.lansomania.com\\\/anchorx\\\/product\\\/kapake-alumini-ne-cift-300mm-360mm-380mm\\\/\"]}]},{\"@type\":\"ImageObject\",\"inLanguage\":\"en-US\",\"@id\":\"https:\\\/\\\/www.lansomania.com\\\/anchorx\\\/product\\\/kapake-alumini-ne-cift-300mm-360mm-380mm\\\/#primaryimage\",\"url\":\"https:\\\/\\\/www.lansomania.com\\\/anchorx\\\/wp-content\\\/uploads\\\/2025\\\/10\\\/PIKORE-kapak.jpg\",\"contentUrl\":\"https:\\\/\\\/www.lansomania.com\\\/anchorx\\\/wp-content\\\/uploads\\\/2025\\\/10\\\/PIKORE-kapak.jpg\",\"width\":504,\"height\":500},{\"@type\":\"BreadcrumbList\",\"@id\":\"https:\\\/\\\/www.lansomania.com\\\/anchorx\\\/product\\\/kapake-alumini-ne-cift-300mm-360mm-380mm\\\/#breadcrumb\",\"itemListElement\":[{\"@type\":\"ListItem\",\"position\":1,\"name\":\"Home\",\"item\":\"https:\\\/\\\/www.lansomania.com\\\/anchorx\\\/\"},{\"@type\":\"ListItem\",\"position\":2,\"name\":\"Produktet\",\"item\":\"https:\\\/\\\/www.lansomania.com\\\/anchorx\\\/produktet\\\/\"},{\"@type\":\"ListItem\",\"position\":3,\"name\":\"Kapak\u00eb alumini n\u00eb \u00e7ift 300mm\\\/360mm\\\/380mm\"}]},{\"@type\":\"WebSite\",\"@id\":\"https:\\\/\\\/www.lansomania.com\\\/anchorx\\\/#website\",\"url\":\"https:\\\/\\\/www.lansomania.com\\\/anchorx\\\/\",\"name\":\"anchorX\",\"description\":\"Profila CD UD CW UW, SHKUM\u00cb, SILIKON DHE M\u00cb SHUM\u00cb\",\"publisher\":{\"@id\":\"https:\\\/\\\/www.lansomania.com\\\/anchorx\\\/#organization\"},\"potentialAction\":[{\"@type\":\"SearchAction\",\"target\":{\"@type\":\"EntryPoint\",\"urlTemplate\":\"https:\\\/\\\/www.lansomania.com\\\/anchorx\\\/?s={search_term_string}\"},\"query-input\":{\"@type\":\"PropertyValueSpecification\",\"valueRequired\":true,\"valueName\":\"search_term_string\"}}],\"inLanguage\":\"en-US\"},{\"@type\":\"Organization\",\"@id\":\"https:\\\/\\\/www.lansomania.com\\\/anchorx\\\/#organization\",\"name\":\"anchorX\",\"url\":\"https:\\\/\\\/www.lansomania.com\\\/anchorx\\\/\",\"logo\":{\"@type\":\"ImageObject\",\"inLanguage\":\"en-US\",\"@id\":\"https:\\\/\\\/www.lansomania.com\\\/anchorx\\\/#\\\/schema\\\/logo\\\/image\\\/\",\"url\":\"https:\\\/\\\/lansomania.com\\\/anchorx\\\/wp-content\\\/uploads\\\/2025\\\/07\\\/default.png\",\"contentUrl\":\"https:\\\/\\\/lansomania.com\\\/anchorx\\\/wp-content\\\/uploads\\\/2025\\\/07\\\/default.png\",\"width\":1000,\"height\":1000,\"caption\":\"anchorX\"},\"image\":{\"@id\":\"https:\\\/\\\/www.lansomania.com\\\/anchorx\\\/#\\\/schema\\\/logo\\\/image\\\/\"},\"sameAs\":[\"https:\\\/\\\/www.facebook.com\\\/anchorXbylans\",\"https:\\\/\\\/www.instagram.com\\\/anchorXbylans\"]}]}<\/script>\n<!-- \/ Yoast SEO plugin. -->","yoast_head_json":{"title":"Kapak\u00eb alumini n\u00eb \u00e7ift 300mm\/360mm\/380mm | anchorX","robots":{"index":"index","follow":"follow","max-snippet":"max-snippet:-1","max-image-preview":"max-image-preview:large","max-video-preview":"max-video-preview:-1"},"canonical":"https:\/\/www.lansomania.com\/anchorx\/product\/kapake-alumini-ne-cift-300mm-360mm-380mm\/","og_locale":"en_US","og_type":"article","og_title":"Kapak\u00eb alumini n\u00eb \u00e7ift 300mm\/360mm\/380mm | anchorX","og_description":"Kapak\u00ebt tan\u00eb t\u00eb aluminit prodhohen me materiale cil\u00ebsore q\u00eb garantojn\u00eb fort\u00ebsi, jet\u00ebgjat\u00ebsi dhe pamje profesionale.Ideale p\u00ebr p\u00ebrdorim n\u00eb sistemet e profileve, mbyllje konstruktive dhe aplikime t\u00eb ndryshme n\u00eb nd\u00ebrtim e industri.","og_url":"https:\/\/www.lansomania.com\/anchorx\/product\/kapake-alumini-ne-cift-300mm-360mm-380mm\/","og_site_name":"anchorX","article_publisher":"https:\/\/www.facebook.com\/anchorXbylans","og_image":[{"width":504,"height":500,"url":"https:\/\/www.lansomania.com\/anchorx\/wp-content\/uploads\/2025\/10\/PIKORE-kapak.jpg","type":"image\/jpeg"}],"twitter_card":"summary_large_image","twitter_misc":{"Est. reading time":"1 minute"},"schema":{"@context":"https:\/\/schema.org","@graph":[{"@type":"WebPage","@id":"https:\/\/www.lansomania.com\/anchorx\/product\/kapake-alumini-ne-cift-300mm-360mm-380mm\/","url":"https:\/\/www.lansomania.com\/anchorx\/product\/kapake-alumini-ne-cift-300mm-360mm-380mm\/","name":"Kapak\u00eb alumini n\u00eb \u00e7ift 300mm\/360mm\/380mm | anchorX","isPartOf":{"@id":"https:\/\/www.lansomania.com\/anchorx\/#website"},"primaryImageOfPage":{"@id":"https:\/\/www.lansomania.com\/anchorx\/product\/kapake-alumini-ne-cift-300mm-360mm-380mm\/#primaryimage"},"image":{"@id":"https:\/\/www.lansomania.com\/anchorx\/product\/kapake-alumini-ne-cift-300mm-360mm-380mm\/#primaryimage"},"thumbnailUrl":"https:\/\/www.lansomania.com\/anchorx\/wp-content\/uploads\/2025\/10\/PIKORE-kapak.jpg","datePublished":"2025-10-15T13:20:50+00:00","breadcrumb":{"@id":"https:\/\/www.lansomania.com\/anchorx\/product\/kapake-alumini-ne-cift-300mm-360mm-380mm\/#breadcrumb"},"inLanguage":"en-US","potentialAction":[{"@type":"ReadAction","target":["https:\/\/www.lansomania.com\/anchorx\/product\/kapake-alumini-ne-cift-300mm-360mm-380mm\/"]}]},{"@type":"ImageObject","inLanguage":"en-US","@id":"https:\/\/www.lansomania.com\/anchorx\/product\/kapake-alumini-ne-cift-300mm-360mm-380mm\/#primaryimage","url":"https:\/\/www.lansomania.com\/anchorx\/wp-content\/uploads\/2025\/10\/PIKORE-kapak.jpg","contentUrl":"https:\/\/www.lansomania.com\/anchorx\/wp-content\/uploads\/2025\/10\/PIKORE-kapak.jpg","width":504,"height":500},{"@type":"BreadcrumbList","@id":"https:\/\/www.lansomania.com\/anchorx\/product\/kapake-alumini-ne-cift-300mm-360mm-380mm\/#breadcrumb","itemListElement":[{"@type":"ListItem","position":1,"name":"Home","item":"https:\/\/www.lansomania.com\/anchorx\/"},{"@type":"ListItem","position":2,"name":"Produktet","item":"https:\/\/www.lansomania.com\/anchorx\/produktet\/"},{"@type":"ListItem","position":3,"name":"Kapak\u00eb alumini n\u00eb \u00e7ift 300mm\/360mm\/380mm"}]},{"@type":"WebSite","@id":"https:\/\/www.lansomania.com\/anchorx\/#website","url":"https:\/\/www.lansomania.com\/anchorx\/","name":"anchorX","description":"Profila CD UD CW UW, SHKUM\u00cb, SILIKON DHE M\u00cb SHUM\u00cb","publisher":{"@id":"https:\/\/www.lansomania.com\/anchorx\/#organization"},"potentialAction":[{"@type":"SearchAction","target":{"@type":"EntryPoint","urlTemplate":"https:\/\/www.lansomania.com\/anchorx\/?s={search_term_string}"},"query-input":{"@type":"PropertyValueSpecification","valueRequired":true,"valueName":"search_term_string"}}],"inLanguage":"en-US"},{"@type":"Organization","@id":"https:\/\/www.lansomania.com\/anchorx\/#organization","name":"anchorX","url":"https:\/\/www.lansomania.com\/anchorx\/","logo":{"@type":"ImageObject","inLanguage":"en-US","@id":"https:\/\/www.lansomania.com\/anchorx\/#\/schema\/logo\/image\/","url":"https:\/\/lansomania.com\/anchorx\/wp-content\/uploads\/2025\/07\/default.png","contentUrl":"https:\/\/lansomania.com\/anchorx\/wp-content\/uploads\/2025\/07\/default.png","width":1000,"height":1000,"caption":"anchorX"},"image":{"@id":"https:\/\/www.lansomania.com\/anchorx\/#\/schema\/logo\/image\/"},"sameAs":["https:\/\/www.facebook.com\/anchorXbylans","https:\/\/www.instagram.com\/anchorXbylans"]}]}},"_links":{"self":[{"href":"https:\/\/www.lansomania.com\/anchorx\/wp-json\/wp\/v2\/product\/2346","targetHints":{"allow":["GET"]}}],"collection":[{"href":"https:\/\/www.lansomania.com\/anchorx\/wp-json\/wp\/v2\/product"}],"about":[{"href":"https:\/\/www.lansomania.com\/anchorx\/wp-json\/wp\/v2\/types\/product"}],"version-history":[{"count":1,"href":"https:\/\/www.lansomania.com\/anchorx\/wp-json\/wp\/v2\/product\/2346\/revisions"}],"predecessor-version":[{"id":2349,"href":"https:\/\/www.lansomania.com\/anchorx\/wp-json\/wp\/v2\/product\/2346\/revisions\/2349"}],"wp:featuredmedia":[{"embeddable":true,"href":"https:\/\/www.lansomania.com\/anchorx\/wp-json\/wp\/v2\/media\/2347"}],"wp:attachment":[{"href":"https:\/\/www.lansomania.com\/anchorx\/wp-json\/wp\/v2\/media?parent=2346"}],"wp:term":[{"taxonomy":"product_brand","embeddable":true,"href":"https:\/\/www.lansomania.com\/anchorx\/wp-json\/wp\/v2\/product_brand?post=2346"},{"taxonomy":"product_cat","embeddable":true,"href":"https:\/\/www.lansomania.com\/anchorx\/wp-json\/wp\/v2\/product_cat?post=2346"},{"taxonomy":"product_tag","embeddable":true,"href":"https:\/\/www.lansomania.com\/anchorx\/wp-json\/wp\/v2\/product_tag?post=2346"}],"curies":[{"name":"wp","href":"https:\/\/api.w.org\/{rel}","templated":true}]}}