{"id":2334,"date":"2025-10-14T08:34:49","date_gmt":"2025-10-14T06:34:49","guid":{"rendered":"https:\/\/www.lansomania.com\/anchorx\/?post_type=product&#038;p=2334"},"modified":"2025-10-15T15:12:44","modified_gmt":"2025-10-15T13:12:44","slug":"pikore-alumini-70mm-380mm","status":"publish","type":"product","link":"https:\/\/www.lansomania.com\/anchorx\/product\/pikore-alumini-70mm-380mm\/","title":{"rendered":"Pikore Alumini 70mm \u2013 380mm"},"content":{"rendered":"<p data-start=\"144\" data-end=\"466\">P\u00ebrmir\u00ebsoni pamjen dhe funksionalitetin e dritareve tuaja me <strong data-start=\"205\" data-end=\"230\">pikoret tona cil\u00ebsore<\/strong>, t\u00eb disponueshme n\u00eb nj\u00eb gam\u00eb gjer\u00ebsish nga <strong data-start=\"274\" data-end=\"296\">70mm deri n\u00eb 380mm<\/strong>. T\u00eb dizajnuara p\u00ebr q\u00ebndrueshm\u00ebri dhe pamje elegante, k\u00ebto pikore ofrojn\u00eb mbrojtje dhe p\u00ebrfundim estetik p\u00ebr \u00e7do lloj dritareje \u2013 n\u00eb sht\u00ebpi, zyra apo ambiente tregtare.<\/p>\n<p data-start=\"468\" data-end=\"750\">T\u00eb prodhuara nga materiale me cil\u00ebsi t\u00eb lart\u00eb, pikoret jan\u00eb rezistente ndaj lag\u00ebshtis\u00eb, g\u00ebrvishtjeve dhe konsumit t\u00eb p\u00ebrditsh\u00ebm, duke garantuar jet\u00ebgjat\u00ebsi dhe mir\u00ebmbajtje t\u00eb leht\u00eb. Dizajni modern dhe sip\u00ebrfaqja e l\u00ebmuar i japin dritares suaj nj\u00eb pamje t\u00eb past\u00ebr dhe bashk\u00ebkohore.<\/p>\n<p data-start=\"752\" data-end=\"954\">\u2705 Gjer\u00ebsi t\u00eb disponueshme: <strong data-start=\"779\" data-end=\"795\">70mm, 90mm, 110mm, 130mm, 150mm, 165mm, 180mm, 195mm, 210mm, 225mm, 240mm, 260mm, 280mm, 300mm, 320mm, 340mm, 360mm dhe 380mm<\/strong><br data-start=\"795\" data-end=\"798\" \/>\u2705 Montim i leht\u00eb dhe mir\u00ebmbajtje minimale<br data-start=\"839\" data-end=\"842\" \/>\u2705 Pamje moderne dhe p\u00ebrfundim elegant p\u00ebr \u00e7do ambient<\/p>\n","protected":false},"excerpt":{"rendered":"<p data-start=\"144\" data-end=\"466\">P\u00ebrmir\u00ebsoni pamjen dhe funksionalitetin e dritareve tuaja me <strong data-start=\"205\" data-end=\"230\">pikoret tona cil\u00ebsore<\/strong>, t\u00eb disponueshme n\u00eb nj\u00eb gam\u00eb gjer\u00ebsish nga <strong data-start=\"274\" data-end=\"296\">70mm deri n\u00eb 380mm<\/strong>. T\u00eb dizajnuara p\u00ebr q\u00ebndrueshm\u00ebri dhe pamje elegante, k\u00ebto pikore ofrojn\u00eb mbrojtje dhe p\u00ebrfundim estetik p\u00ebr \u00e7do lloj dritareje \u2013 n\u00eb sht\u00ebpi, zyra apo ambiente tregtare.<\/p>\n","protected":false},"featured_media":2337,"template":"","meta":[],"product_brand":[],"product_cat":[49],"product_tag":[],"class_list":{"0":"post-2334","1":"product","2":"type-product","3":"status-publish","4":"has-post-thumbnail","6":"product_cat-pikore-windowsill","8":"first","9":"instock","10":"shipping-taxable","11":"product-type-simple"},"yoast_head":"<!-- This site is optimized with the Yoast SEO plugin v27.4 - https:\/\/yoast.com\/product\/yoast-seo-wordpress\/ -->\n<title>Pikore Alumini 70mm \u2013 380mm | anchorX<\/title>\n<meta name=\"robots\" content=\"index, follow, max-snippet:-1, max-image-preview:large, max-video-preview:-1\" \/>\n<link rel=\"canonical\" href=\"https:\/\/www.lansomania.com\/anchorx\/product\/pikore-alumini-70mm-380mm\/\" \/>\n<meta property=\"og:locale\" content=\"en_US\" \/>\n<meta property=\"og:type\" content=\"article\" \/>\n<meta property=\"og:title\" content=\"Pikore Alumini 70mm \u2013 380mm | anchorX\" \/>\n<meta property=\"og:description\" content=\"P\u00ebrmir\u00ebsoni pamjen dhe funksionalitetin e dritareve tuaja me pikoret tona cil\u00ebsore, t\u00eb disponueshme n\u00eb nj\u00eb gam\u00eb gjer\u00ebsish nga 70mm deri n\u00eb 380mm. T\u00eb dizajnuara p\u00ebr q\u00ebndrueshm\u00ebri dhe pamje elegante, k\u00ebto pikore ofrojn\u00eb mbrojtje dhe p\u00ebrfundim estetik p\u00ebr \u00e7do lloj dritareje \u2013 n\u00eb sht\u00ebpi, zyra apo ambiente tregtare.\" \/>\n<meta property=\"og:url\" content=\"https:\/\/www.lansomania.com\/anchorx\/product\/pikore-alumini-70mm-380mm\/\" \/>\n<meta property=\"og:site_name\" content=\"anchorX\" \/>\n<meta property=\"article:publisher\" content=\"https:\/\/www.facebook.com\/anchorXbylans\" \/>\n<meta property=\"article:modified_time\" content=\"2025-10-15T13:12:44+00:00\" \/>\n<meta property=\"og:image\" content=\"https:\/\/www.lansomania.com\/anchorx\/wp-content\/uploads\/2025\/10\/PIKORE.jpg\" \/>\n\t<meta property=\"og:image:width\" content=\"504\" \/>\n\t<meta property=\"og:image:height\" content=\"500\" \/>\n\t<meta property=\"og:image:type\" content=\"image\/jpeg\" \/>\n<meta name=\"twitter:card\" content=\"summary_large_image\" \/>\n<meta name=\"twitter:label1\" content=\"Est. reading time\" \/>\n\t<meta name=\"twitter:data1\" content=\"1 minute\" \/>\n<script type=\"application\/ld+json\" class=\"yoast-schema-graph\">{\"@context\":\"https:\\\/\\\/schema.org\",\"@graph\":[{\"@type\":\"WebPage\",\"@id\":\"https:\\\/\\\/www.lansomania.com\\\/anchorx\\\/product\\\/pikore-alumini-70mm-380mm\\\/\",\"url\":\"https:\\\/\\\/www.lansomania.com\\\/anchorx\\\/product\\\/pikore-alumini-70mm-380mm\\\/\",\"name\":\"Pikore Alumini 70mm \u2013 380mm | anchorX\",\"isPartOf\":{\"@id\":\"https:\\\/\\\/www.lansomania.com\\\/anchorx\\\/#website\"},\"primaryImageOfPage\":{\"@id\":\"https:\\\/\\\/www.lansomania.com\\\/anchorx\\\/product\\\/pikore-alumini-70mm-380mm\\\/#primaryimage\"},\"image\":{\"@id\":\"https:\\\/\\\/www.lansomania.com\\\/anchorx\\\/product\\\/pikore-alumini-70mm-380mm\\\/#primaryimage\"},\"thumbnailUrl\":\"https:\\\/\\\/www.lansomania.com\\\/anchorx\\\/wp-content\\\/uploads\\\/2025\\\/10\\\/PIKORE.jpg\",\"datePublished\":\"2025-10-14T06:34:49+00:00\",\"dateModified\":\"2025-10-15T13:12:44+00:00\",\"breadcrumb\":{\"@id\":\"https:\\\/\\\/www.lansomania.com\\\/anchorx\\\/product\\\/pikore-alumini-70mm-380mm\\\/#breadcrumb\"},\"inLanguage\":\"en-US\",\"potentialAction\":[{\"@type\":\"ReadAction\",\"target\":[\"https:\\\/\\\/www.lansomania.com\\\/anchorx\\\/product\\\/pikore-alumini-70mm-380mm\\\/\"]}]},{\"@type\":\"ImageObject\",\"inLanguage\":\"en-US\",\"@id\":\"https:\\\/\\\/www.lansomania.com\\\/anchorx\\\/product\\\/pikore-alumini-70mm-380mm\\\/#primaryimage\",\"url\":\"https:\\\/\\\/www.lansomania.com\\\/anchorx\\\/wp-content\\\/uploads\\\/2025\\\/10\\\/PIKORE.jpg\",\"contentUrl\":\"https:\\\/\\\/www.lansomania.com\\\/anchorx\\\/wp-content\\\/uploads\\\/2025\\\/10\\\/PIKORE.jpg\",\"width\":504,\"height\":500},{\"@type\":\"BreadcrumbList\",\"@id\":\"https:\\\/\\\/www.lansomania.com\\\/anchorx\\\/product\\\/pikore-alumini-70mm-380mm\\\/#breadcrumb\",\"itemListElement\":[{\"@type\":\"ListItem\",\"position\":1,\"name\":\"Home\",\"item\":\"https:\\\/\\\/www.lansomania.com\\\/anchorx\\\/\"},{\"@type\":\"ListItem\",\"position\":2,\"name\":\"Produktet\",\"item\":\"https:\\\/\\\/www.lansomania.com\\\/anchorx\\\/produktet\\\/\"},{\"@type\":\"ListItem\",\"position\":3,\"name\":\"Pikore Alumini 70mm \u2013 380mm\"}]},{\"@type\":\"WebSite\",\"@id\":\"https:\\\/\\\/www.lansomania.com\\\/anchorx\\\/#website\",\"url\":\"https:\\\/\\\/www.lansomania.com\\\/anchorx\\\/\",\"name\":\"anchorX\",\"description\":\"Profila CD UD CW UW, SHKUM\u00cb, SILIKON DHE M\u00cb SHUM\u00cb\",\"publisher\":{\"@id\":\"https:\\\/\\\/www.lansomania.com\\\/anchorx\\\/#organization\"},\"potentialAction\":[{\"@type\":\"SearchAction\",\"target\":{\"@type\":\"EntryPoint\",\"urlTemplate\":\"https:\\\/\\\/www.lansomania.com\\\/anchorx\\\/?s={search_term_string}\"},\"query-input\":{\"@type\":\"PropertyValueSpecification\",\"valueRequired\":true,\"valueName\":\"search_term_string\"}}],\"inLanguage\":\"en-US\"},{\"@type\":\"Organization\",\"@id\":\"https:\\\/\\\/www.lansomania.com\\\/anchorx\\\/#organization\",\"name\":\"anchorX\",\"url\":\"https:\\\/\\\/www.lansomania.com\\\/anchorx\\\/\",\"logo\":{\"@type\":\"ImageObject\",\"inLanguage\":\"en-US\",\"@id\":\"https:\\\/\\\/www.lansomania.com\\\/anchorx\\\/#\\\/schema\\\/logo\\\/image\\\/\",\"url\":\"https:\\\/\\\/lansomania.com\\\/anchorx\\\/wp-content\\\/uploads\\\/2025\\\/07\\\/default.png\",\"contentUrl\":\"https:\\\/\\\/lansomania.com\\\/anchorx\\\/wp-content\\\/uploads\\\/2025\\\/07\\\/default.png\",\"width\":1000,\"height\":1000,\"caption\":\"anchorX\"},\"image\":{\"@id\":\"https:\\\/\\\/www.lansomania.com\\\/anchorx\\\/#\\\/schema\\\/logo\\\/image\\\/\"},\"sameAs\":[\"https:\\\/\\\/www.facebook.com\\\/anchorXbylans\",\"https:\\\/\\\/www.instagram.com\\\/anchorXbylans\"]}]}<\/script>\n<!-- \/ Yoast SEO plugin. -->","yoast_head_json":{"title":"Pikore Alumini 70mm \u2013 380mm | anchorX","robots":{"index":"index","follow":"follow","max-snippet":"max-snippet:-1","max-image-preview":"max-image-preview:large","max-video-preview":"max-video-preview:-1"},"canonical":"https:\/\/www.lansomania.com\/anchorx\/product\/pikore-alumini-70mm-380mm\/","og_locale":"en_US","og_type":"article","og_title":"Pikore Alumini 70mm \u2013 380mm | anchorX","og_description":"P\u00ebrmir\u00ebsoni pamjen dhe funksionalitetin e dritareve tuaja me pikoret tona cil\u00ebsore, t\u00eb disponueshme n\u00eb nj\u00eb gam\u00eb gjer\u00ebsish nga 70mm deri n\u00eb 380mm. T\u00eb dizajnuara p\u00ebr q\u00ebndrueshm\u00ebri dhe pamje elegante, k\u00ebto pikore ofrojn\u00eb mbrojtje dhe p\u00ebrfundim estetik p\u00ebr \u00e7do lloj dritareje \u2013 n\u00eb sht\u00ebpi, zyra apo ambiente tregtare.","og_url":"https:\/\/www.lansomania.com\/anchorx\/product\/pikore-alumini-70mm-380mm\/","og_site_name":"anchorX","article_publisher":"https:\/\/www.facebook.com\/anchorXbylans","article_modified_time":"2025-10-15T13:12:44+00:00","og_image":[{"width":504,"height":500,"url":"https:\/\/www.lansomania.com\/anchorx\/wp-content\/uploads\/2025\/10\/PIKORE.jpg","type":"image\/jpeg"}],"twitter_card":"summary_large_image","twitter_misc":{"Est. reading time":"1 minute"},"schema":{"@context":"https:\/\/schema.org","@graph":[{"@type":"WebPage","@id":"https:\/\/www.lansomania.com\/anchorx\/product\/pikore-alumini-70mm-380mm\/","url":"https:\/\/www.lansomania.com\/anchorx\/product\/pikore-alumini-70mm-380mm\/","name":"Pikore Alumini 70mm \u2013 380mm | anchorX","isPartOf":{"@id":"https:\/\/www.lansomania.com\/anchorx\/#website"},"primaryImageOfPage":{"@id":"https:\/\/www.lansomania.com\/anchorx\/product\/pikore-alumini-70mm-380mm\/#primaryimage"},"image":{"@id":"https:\/\/www.lansomania.com\/anchorx\/product\/pikore-alumini-70mm-380mm\/#primaryimage"},"thumbnailUrl":"https:\/\/www.lansomania.com\/anchorx\/wp-content\/uploads\/2025\/10\/PIKORE.jpg","datePublished":"2025-10-14T06:34:49+00:00","dateModified":"2025-10-15T13:12:44+00:00","breadcrumb":{"@id":"https:\/\/www.lansomania.com\/anchorx\/product\/pikore-alumini-70mm-380mm\/#breadcrumb"},"inLanguage":"en-US","potentialAction":[{"@type":"ReadAction","target":["https:\/\/www.lansomania.com\/anchorx\/product\/pikore-alumini-70mm-380mm\/"]}]},{"@type":"ImageObject","inLanguage":"en-US","@id":"https:\/\/www.lansomania.com\/anchorx\/product\/pikore-alumini-70mm-380mm\/#primaryimage","url":"https:\/\/www.lansomania.com\/anchorx\/wp-content\/uploads\/2025\/10\/PIKORE.jpg","contentUrl":"https:\/\/www.lansomania.com\/anchorx\/wp-content\/uploads\/2025\/10\/PIKORE.jpg","width":504,"height":500},{"@type":"BreadcrumbList","@id":"https:\/\/www.lansomania.com\/anchorx\/product\/pikore-alumini-70mm-380mm\/#breadcrumb","itemListElement":[{"@type":"ListItem","position":1,"name":"Home","item":"https:\/\/www.lansomania.com\/anchorx\/"},{"@type":"ListItem","position":2,"name":"Produktet","item":"https:\/\/www.lansomania.com\/anchorx\/produktet\/"},{"@type":"ListItem","position":3,"name":"Pikore Alumini 70mm \u2013 380mm"}]},{"@type":"WebSite","@id":"https:\/\/www.lansomania.com\/anchorx\/#website","url":"https:\/\/www.lansomania.com\/anchorx\/","name":"anchorX","description":"Profila CD UD CW UW, SHKUM\u00cb, SILIKON DHE M\u00cb SHUM\u00cb","publisher":{"@id":"https:\/\/www.lansomania.com\/anchorx\/#organization"},"potentialAction":[{"@type":"SearchAction","target":{"@type":"EntryPoint","urlTemplate":"https:\/\/www.lansomania.com\/anchorx\/?s={search_term_string}"},"query-input":{"@type":"PropertyValueSpecification","valueRequired":true,"valueName":"search_term_string"}}],"inLanguage":"en-US"},{"@type":"Organization","@id":"https:\/\/www.lansomania.com\/anchorx\/#organization","name":"anchorX","url":"https:\/\/www.lansomania.com\/anchorx\/","logo":{"@type":"ImageObject","inLanguage":"en-US","@id":"https:\/\/www.lansomania.com\/anchorx\/#\/schema\/logo\/image\/","url":"https:\/\/lansomania.com\/anchorx\/wp-content\/uploads\/2025\/07\/default.png","contentUrl":"https:\/\/lansomania.com\/anchorx\/wp-content\/uploads\/2025\/07\/default.png","width":1000,"height":1000,"caption":"anchorX"},"image":{"@id":"https:\/\/www.lansomania.com\/anchorx\/#\/schema\/logo\/image\/"},"sameAs":["https:\/\/www.facebook.com\/anchorXbylans","https:\/\/www.instagram.com\/anchorXbylans"]}]}},"_links":{"self":[{"href":"https:\/\/www.lansomania.com\/anchorx\/wp-json\/wp\/v2\/product\/2334","targetHints":{"allow":["GET"]}}],"collection":[{"href":"https:\/\/www.lansomania.com\/anchorx\/wp-json\/wp\/v2\/product"}],"about":[{"href":"https:\/\/www.lansomania.com\/anchorx\/wp-json\/wp\/v2\/types\/product"}],"version-history":[{"count":3,"href":"https:\/\/www.lansomania.com\/anchorx\/wp-json\/wp\/v2\/product\/2334\/revisions"}],"predecessor-version":[{"id":2348,"href":"https:\/\/www.lansomania.com\/anchorx\/wp-json\/wp\/v2\/product\/2334\/revisions\/2348"}],"wp:featuredmedia":[{"embeddable":true,"href":"https:\/\/www.lansomania.com\/anchorx\/wp-json\/wp\/v2\/media\/2337"}],"wp:attachment":[{"href":"https:\/\/www.lansomania.com\/anchorx\/wp-json\/wp\/v2\/media?parent=2334"}],"wp:term":[{"taxonomy":"product_brand","embeddable":true,"href":"https:\/\/www.lansomania.com\/anchorx\/wp-json\/wp\/v2\/product_brand?post=2334"},{"taxonomy":"product_cat","embeddable":true,"href":"https:\/\/www.lansomania.com\/anchorx\/wp-json\/wp\/v2\/product_cat?post=2334"},{"taxonomy":"product_tag","embeddable":true,"href":"https:\/\/www.lansomania.com\/anchorx\/wp-json\/wp\/v2\/product_tag?post=2334"}],"curies":[{"name":"wp","href":"https:\/\/api.w.org\/{rel}","templated":true}]}}