{"id":2312,"date":"2025-09-18T09:15:14","date_gmt":"2025-09-18T07:15:14","guid":{"rendered":"https:\/\/www.lansomania.com\/anchorx\/?post_type=product&#038;p=2312"},"modified":"2025-09-18T09:15:14","modified_gmt":"2025-09-18T07:15:14","slug":"varese-direkte-per-profilin-cd","status":"publish","type":"product","link":"https:\/\/www.lansomania.com\/anchorx\/product\/varese-direkte-per-profilin-cd\/","title":{"rendered":"Var\u00ebse direkte p\u00ebr profilin CD"},"content":{"rendered":"","protected":false},"excerpt":{"rendered":"<p>Var\u00ebse direkte p\u00ebr profilin CD \u2013 p\u00ebrdoret p\u00ebr fiksimin direkt t\u00eb profilit kryesor CD n\u00eb tavanin mbajt\u00ebs n\u00eb nd\u00ebrtimet e tavaneve me pllaka gipsi.<\/p>\n","protected":false},"featured_media":2313,"template":"","meta":[],"product_brand":[],"product_cat":[47],"product_tag":[],"class_list":{"0":"post-2312","1":"product","2":"type-product","3":"status-publish","4":"has-post-thumbnail","6":"product_cat-aksesoret","8":"first","9":"instock","10":"shipping-taxable","11":"product-type-simple"},"yoast_head":"<!-- This site is optimized with the Yoast SEO plugin v27.4 - https:\/\/yoast.com\/product\/yoast-seo-wordpress\/ -->\n<title>Var\u00ebse direkte p\u00ebr profilin CD | anchorX<\/title>\n<meta name=\"robots\" content=\"index, follow, max-snippet:-1, max-image-preview:large, max-video-preview:-1\" \/>\n<link rel=\"canonical\" href=\"https:\/\/www.lansomania.com\/anchorx\/product\/varese-direkte-per-profilin-cd\/\" \/>\n<meta property=\"og:locale\" content=\"en_US\" \/>\n<meta property=\"og:type\" content=\"article\" \/>\n<meta property=\"og:title\" content=\"Var\u00ebse direkte p\u00ebr profilin CD | anchorX\" \/>\n<meta property=\"og:description\" content=\"Var\u00ebse direkte p\u00ebr profilin CD \u2013 p\u00ebrdoret p\u00ebr fiksimin direkt t\u00eb profilit kryesor CD n\u00eb tavanin mbajt\u00ebs n\u00eb nd\u00ebrtimet e tavaneve me pllaka gipsi.\" \/>\n<meta property=\"og:url\" content=\"https:\/\/www.lansomania.com\/anchorx\/product\/varese-direkte-per-profilin-cd\/\" \/>\n<meta property=\"og:site_name\" content=\"anchorX\" \/>\n<meta property=\"article:publisher\" content=\"https:\/\/www.facebook.com\/anchorXbylans\" \/>\n<meta property=\"og:image\" content=\"https:\/\/www.lansomania.com\/anchorx\/wp-content\/uploads\/2025\/09\/Direct-hanger-for-CD-profile-e1747077955815.png\" \/>\n\t<meta property=\"og:image:width\" content=\"500\" \/>\n\t<meta property=\"og:image:height\" content=\"500\" \/>\n\t<meta property=\"og:image:type\" content=\"image\/png\" \/>\n<meta name=\"twitter:card\" content=\"summary_large_image\" \/>\n<script type=\"application\/ld+json\" class=\"yoast-schema-graph\">{\"@context\":\"https:\\\/\\\/schema.org\",\"@graph\":[{\"@type\":\"WebPage\",\"@id\":\"https:\\\/\\\/www.lansomania.com\\\/anchorx\\\/product\\\/varese-direkte-per-profilin-cd\\\/\",\"url\":\"https:\\\/\\\/www.lansomania.com\\\/anchorx\\\/product\\\/varese-direkte-per-profilin-cd\\\/\",\"name\":\"Var\u00ebse direkte p\u00ebr profilin CD | anchorX\",\"isPartOf\":{\"@id\":\"https:\\\/\\\/www.lansomania.com\\\/anchorx\\\/#website\"},\"primaryImageOfPage\":{\"@id\":\"https:\\\/\\\/www.lansomania.com\\\/anchorx\\\/product\\\/varese-direkte-per-profilin-cd\\\/#primaryimage\"},\"image\":{\"@id\":\"https:\\\/\\\/www.lansomania.com\\\/anchorx\\\/product\\\/varese-direkte-per-profilin-cd\\\/#primaryimage\"},\"thumbnailUrl\":\"https:\\\/\\\/www.lansomania.com\\\/anchorx\\\/wp-content\\\/uploads\\\/2025\\\/09\\\/Direct-hanger-for-CD-profile-e1747077955815.png\",\"datePublished\":\"2025-09-18T07:15:14+00:00\",\"breadcrumb\":{\"@id\":\"https:\\\/\\\/www.lansomania.com\\\/anchorx\\\/product\\\/varese-direkte-per-profilin-cd\\\/#breadcrumb\"},\"inLanguage\":\"en-US\",\"potentialAction\":[{\"@type\":\"ReadAction\",\"target\":[\"https:\\\/\\\/www.lansomania.com\\\/anchorx\\\/product\\\/varese-direkte-per-profilin-cd\\\/\"]}]},{\"@type\":\"ImageObject\",\"inLanguage\":\"en-US\",\"@id\":\"https:\\\/\\\/www.lansomania.com\\\/anchorx\\\/product\\\/varese-direkte-per-profilin-cd\\\/#primaryimage\",\"url\":\"https:\\\/\\\/www.lansomania.com\\\/anchorx\\\/wp-content\\\/uploads\\\/2025\\\/09\\\/Direct-hanger-for-CD-profile-e1747077955815.png\",\"contentUrl\":\"https:\\\/\\\/www.lansomania.com\\\/anchorx\\\/wp-content\\\/uploads\\\/2025\\\/09\\\/Direct-hanger-for-CD-profile-e1747077955815.png\",\"width\":500,\"height\":500},{\"@type\":\"BreadcrumbList\",\"@id\":\"https:\\\/\\\/www.lansomania.com\\\/anchorx\\\/product\\\/varese-direkte-per-profilin-cd\\\/#breadcrumb\",\"itemListElement\":[{\"@type\":\"ListItem\",\"position\":1,\"name\":\"Home\",\"item\":\"https:\\\/\\\/www.lansomania.com\\\/anchorx\\\/\"},{\"@type\":\"ListItem\",\"position\":2,\"name\":\"Produktet\",\"item\":\"https:\\\/\\\/www.lansomania.com\\\/anchorx\\\/produktet\\\/\"},{\"@type\":\"ListItem\",\"position\":3,\"name\":\"Var\u00ebse direkte p\u00ebr profilin CD\"}]},{\"@type\":\"WebSite\",\"@id\":\"https:\\\/\\\/www.lansomania.com\\\/anchorx\\\/#website\",\"url\":\"https:\\\/\\\/www.lansomania.com\\\/anchorx\\\/\",\"name\":\"anchorX\",\"description\":\"Profila CD UD CW UW, SHKUM\u00cb, SILIKON DHE M\u00cb SHUM\u00cb\",\"publisher\":{\"@id\":\"https:\\\/\\\/www.lansomania.com\\\/anchorx\\\/#organization\"},\"potentialAction\":[{\"@type\":\"SearchAction\",\"target\":{\"@type\":\"EntryPoint\",\"urlTemplate\":\"https:\\\/\\\/www.lansomania.com\\\/anchorx\\\/?s={search_term_string}\"},\"query-input\":{\"@type\":\"PropertyValueSpecification\",\"valueRequired\":true,\"valueName\":\"search_term_string\"}}],\"inLanguage\":\"en-US\"},{\"@type\":\"Organization\",\"@id\":\"https:\\\/\\\/www.lansomania.com\\\/anchorx\\\/#organization\",\"name\":\"anchorX\",\"url\":\"https:\\\/\\\/www.lansomania.com\\\/anchorx\\\/\",\"logo\":{\"@type\":\"ImageObject\",\"inLanguage\":\"en-US\",\"@id\":\"https:\\\/\\\/www.lansomania.com\\\/anchorx\\\/#\\\/schema\\\/logo\\\/image\\\/\",\"url\":\"https:\\\/\\\/lansomania.com\\\/anchorx\\\/wp-content\\\/uploads\\\/2025\\\/07\\\/default.png\",\"contentUrl\":\"https:\\\/\\\/lansomania.com\\\/anchorx\\\/wp-content\\\/uploads\\\/2025\\\/07\\\/default.png\",\"width\":1000,\"height\":1000,\"caption\":\"anchorX\"},\"image\":{\"@id\":\"https:\\\/\\\/www.lansomania.com\\\/anchorx\\\/#\\\/schema\\\/logo\\\/image\\\/\"},\"sameAs\":[\"https:\\\/\\\/www.facebook.com\\\/anchorXbylans\",\"https:\\\/\\\/www.instagram.com\\\/anchorXbylans\"]}]}<\/script>\n<!-- \/ Yoast SEO plugin. -->","yoast_head_json":{"title":"Var\u00ebse direkte p\u00ebr profilin CD | anchorX","robots":{"index":"index","follow":"follow","max-snippet":"max-snippet:-1","max-image-preview":"max-image-preview:large","max-video-preview":"max-video-preview:-1"},"canonical":"https:\/\/www.lansomania.com\/anchorx\/product\/varese-direkte-per-profilin-cd\/","og_locale":"en_US","og_type":"article","og_title":"Var\u00ebse direkte p\u00ebr profilin CD | anchorX","og_description":"Var\u00ebse direkte p\u00ebr profilin CD \u2013 p\u00ebrdoret p\u00ebr fiksimin direkt t\u00eb profilit kryesor CD n\u00eb tavanin mbajt\u00ebs n\u00eb nd\u00ebrtimet e tavaneve me pllaka gipsi.","og_url":"https:\/\/www.lansomania.com\/anchorx\/product\/varese-direkte-per-profilin-cd\/","og_site_name":"anchorX","article_publisher":"https:\/\/www.facebook.com\/anchorXbylans","og_image":[{"width":500,"height":500,"url":"https:\/\/www.lansomania.com\/anchorx\/wp-content\/uploads\/2025\/09\/Direct-hanger-for-CD-profile-e1747077955815.png","type":"image\/png"}],"twitter_card":"summary_large_image","schema":{"@context":"https:\/\/schema.org","@graph":[{"@type":"WebPage","@id":"https:\/\/www.lansomania.com\/anchorx\/product\/varese-direkte-per-profilin-cd\/","url":"https:\/\/www.lansomania.com\/anchorx\/product\/varese-direkte-per-profilin-cd\/","name":"Var\u00ebse direkte p\u00ebr profilin CD | anchorX","isPartOf":{"@id":"https:\/\/www.lansomania.com\/anchorx\/#website"},"primaryImageOfPage":{"@id":"https:\/\/www.lansomania.com\/anchorx\/product\/varese-direkte-per-profilin-cd\/#primaryimage"},"image":{"@id":"https:\/\/www.lansomania.com\/anchorx\/product\/varese-direkte-per-profilin-cd\/#primaryimage"},"thumbnailUrl":"https:\/\/www.lansomania.com\/anchorx\/wp-content\/uploads\/2025\/09\/Direct-hanger-for-CD-profile-e1747077955815.png","datePublished":"2025-09-18T07:15:14+00:00","breadcrumb":{"@id":"https:\/\/www.lansomania.com\/anchorx\/product\/varese-direkte-per-profilin-cd\/#breadcrumb"},"inLanguage":"en-US","potentialAction":[{"@type":"ReadAction","target":["https:\/\/www.lansomania.com\/anchorx\/product\/varese-direkte-per-profilin-cd\/"]}]},{"@type":"ImageObject","inLanguage":"en-US","@id":"https:\/\/www.lansomania.com\/anchorx\/product\/varese-direkte-per-profilin-cd\/#primaryimage","url":"https:\/\/www.lansomania.com\/anchorx\/wp-content\/uploads\/2025\/09\/Direct-hanger-for-CD-profile-e1747077955815.png","contentUrl":"https:\/\/www.lansomania.com\/anchorx\/wp-content\/uploads\/2025\/09\/Direct-hanger-for-CD-profile-e1747077955815.png","width":500,"height":500},{"@type":"BreadcrumbList","@id":"https:\/\/www.lansomania.com\/anchorx\/product\/varese-direkte-per-profilin-cd\/#breadcrumb","itemListElement":[{"@type":"ListItem","position":1,"name":"Home","item":"https:\/\/www.lansomania.com\/anchorx\/"},{"@type":"ListItem","position":2,"name":"Produktet","item":"https:\/\/www.lansomania.com\/anchorx\/produktet\/"},{"@type":"ListItem","position":3,"name":"Var\u00ebse direkte p\u00ebr profilin CD"}]},{"@type":"WebSite","@id":"https:\/\/www.lansomania.com\/anchorx\/#website","url":"https:\/\/www.lansomania.com\/anchorx\/","name":"anchorX","description":"Profila CD UD CW UW, SHKUM\u00cb, SILIKON DHE M\u00cb SHUM\u00cb","publisher":{"@id":"https:\/\/www.lansomania.com\/anchorx\/#organization"},"potentialAction":[{"@type":"SearchAction","target":{"@type":"EntryPoint","urlTemplate":"https:\/\/www.lansomania.com\/anchorx\/?s={search_term_string}"},"query-input":{"@type":"PropertyValueSpecification","valueRequired":true,"valueName":"search_term_string"}}],"inLanguage":"en-US"},{"@type":"Organization","@id":"https:\/\/www.lansomania.com\/anchorx\/#organization","name":"anchorX","url":"https:\/\/www.lansomania.com\/anchorx\/","logo":{"@type":"ImageObject","inLanguage":"en-US","@id":"https:\/\/www.lansomania.com\/anchorx\/#\/schema\/logo\/image\/","url":"https:\/\/lansomania.com\/anchorx\/wp-content\/uploads\/2025\/07\/default.png","contentUrl":"https:\/\/lansomania.com\/anchorx\/wp-content\/uploads\/2025\/07\/default.png","width":1000,"height":1000,"caption":"anchorX"},"image":{"@id":"https:\/\/www.lansomania.com\/anchorx\/#\/schema\/logo\/image\/"},"sameAs":["https:\/\/www.facebook.com\/anchorXbylans","https:\/\/www.instagram.com\/anchorXbylans"]}]}},"_links":{"self":[{"href":"https:\/\/www.lansomania.com\/anchorx\/wp-json\/wp\/v2\/product\/2312","targetHints":{"allow":["GET"]}}],"collection":[{"href":"https:\/\/www.lansomania.com\/anchorx\/wp-json\/wp\/v2\/product"}],"about":[{"href":"https:\/\/www.lansomania.com\/anchorx\/wp-json\/wp\/v2\/types\/product"}],"version-history":[{"count":2,"href":"https:\/\/www.lansomania.com\/anchorx\/wp-json\/wp\/v2\/product\/2312\/revisions"}],"predecessor-version":[{"id":2327,"href":"https:\/\/www.lansomania.com\/anchorx\/wp-json\/wp\/v2\/product\/2312\/revisions\/2327"}],"wp:featuredmedia":[{"embeddable":true,"href":"https:\/\/www.lansomania.com\/anchorx\/wp-json\/wp\/v2\/media\/2313"}],"wp:attachment":[{"href":"https:\/\/www.lansomania.com\/anchorx\/wp-json\/wp\/v2\/media?parent=2312"}],"wp:term":[{"taxonomy":"product_brand","embeddable":true,"href":"https:\/\/www.lansomania.com\/anchorx\/wp-json\/wp\/v2\/product_brand?post=2312"},{"taxonomy":"product_cat","embeddable":true,"href":"https:\/\/www.lansomania.com\/anchorx\/wp-json\/wp\/v2\/product_cat?post=2312"},{"taxonomy":"product_tag","embeddable":true,"href":"https:\/\/www.lansomania.com\/anchorx\/wp-json\/wp\/v2\/product_tag?post=2312"}],"curies":[{"name":"wp","href":"https:\/\/api.w.org\/{rel}","templated":true}]}}