{"id":2298,"date":"2025-07-30T10:14:21","date_gmt":"2025-07-30T08:14:21","guid":{"rendered":"https:\/\/www.lansomania.com\/anchorx\/?post_type=product&#038;p=2298"},"modified":"2025-07-30T10:17:08","modified_gmt":"2025-07-30T08:17:08","slug":"premium-ngjites-letre-24mm-48mm-x-40metra","status":"publish","type":"product","link":"https:\/\/www.lansomania.com\/anchorx\/product\/premium-ngjites-letre-24mm-48mm-x-40metra\/","title":{"rendered":"Premium Ngjit\u00ebs letre 24mm &#038; 48mm x 40metra"},"content":{"rendered":"","protected":false},"excerpt":{"rendered":"<p data-start=\"67\" data-end=\"135\"><strong data-start=\"67\" data-end=\"135\">Premium 24mm &amp; 48mm x 40m \u2013 I Q\u00ebndruesh\u00ebm &amp; Hiqet Past\u00ebr<\/strong><\/p>\n<p data-start=\"137\" data-end=\"496\">Arrini rezultate t\u00eb sakta dhe profesionale me shiritin ton\u00eb portokalli premium p\u00ebr p\u00ebrdorim industrial. Ofron ngjitje t\u00eb fort\u00eb dhe hiqet past\u00ebr pa l\u00ebn\u00eb mbetje \u2014 edhe pas 60 dit\u00ebsh. Rezistent ndaj nxeht\u00ebsis\u00eb deri n\u00eb 110\u00b0C dhe me trash\u00ebsi t\u00eb q\u00ebndrueshme prej 110 mikron\u00ebsh, \u00ebsht\u00eb ideal p\u00ebr projekte t\u00eb v\u00ebshtira si n\u00eb ambiente t\u00eb brendshme ashtu edhe t\u00eb jashtme.<\/p>\n<p data-start=\"498\" data-end=\"644\">\u2705 Gjer\u00ebsi: 24 mm &amp; 48mm<br data-start=\"514\" data-end=\"517\" \/>\u2705 Gjat\u00ebsi: 40 metra<br data-start=\"536\" data-end=\"539\" \/>\u2705 Rezistenc\u00eb ndaj nxeht\u00ebsis\u00eb: deri n\u00eb 110\u00b0C<br data-start=\"582\" data-end=\"585\" \/>\u2705 Hiqet past\u00ebr: deri n\u00eb 60 dit\u00eb<br data-start=\"616\" data-end=\"619\" \/>\u2705 Trash\u00ebsi: 110 mikron\u00eb<\/p>\n<p data-start=\"646\" data-end=\"853\">I p\u00ebrshtatsh\u00ebm p\u00ebr maskimin e mureve, listelave, metaleve dhe sip\u00ebrfaqeve t\u00eb tjera ku k\u00ebrkohen skaje t\u00eb pastra boje dhe mbrojtje e besueshme<\/p>\n","protected":false},"featured_media":2299,"template":"","meta":[],"product_brand":[],"product_cat":[48],"product_tag":[],"class_list":{"0":"post-2298","1":"product","2":"type-product","3":"status-publish","4":"has-post-thumbnail","6":"product_cat-izolim-mbyllje","8":"first","9":"instock","10":"shipping-taxable","11":"product-type-simple"},"yoast_head":"<!-- This site is optimized with the Yoast SEO plugin v27.4 - https:\/\/yoast.com\/product\/yoast-seo-wordpress\/ -->\n<title>Premium Ngjit\u00ebs letre 24mm &amp; 48mm x 40metra | anchorX<\/title>\n<meta name=\"robots\" content=\"index, follow, max-snippet:-1, max-image-preview:large, max-video-preview:-1\" \/>\n<link rel=\"canonical\" href=\"https:\/\/www.lansomania.com\/anchorx\/product\/premium-ngjites-letre-24mm-48mm-x-40metra\/\" \/>\n<meta property=\"og:locale\" content=\"en_US\" \/>\n<meta property=\"og:type\" content=\"article\" \/>\n<meta property=\"og:title\" content=\"Premium Ngjit\u00ebs letre 24mm &amp; 48mm x 40metra | anchorX\" \/>\n<meta property=\"og:description\" content=\"Premium 24mm &amp; 48mm x 40m \u2013 I Q\u00ebndruesh\u00ebm &amp; Hiqet Past\u00ebr Arrini rezultate t\u00eb sakta dhe profesionale me shiritin ton\u00eb portokalli premium p\u00ebr p\u00ebrdorim industrial. Ofron ngjitje t\u00eb fort\u00eb dhe hiqet past\u00ebr pa l\u00ebn\u00eb mbetje \u2014 edhe pas 60 dit\u00ebsh. Rezistent ndaj nxeht\u00ebsis\u00eb deri n\u00eb 110\u00b0C dhe me trash\u00ebsi t\u00eb q\u00ebndrueshme prej 110 mikron\u00ebsh, \u00ebsht\u00eb ideal p\u00ebr projekte t\u00eb v\u00ebshtira si n\u00eb ambiente t\u00eb brendshme ashtu edhe t\u00eb jashtme. \u2705 Gjer\u00ebsi: 24 mm &amp; 48mm\u2705 Gjat\u00ebsi: 40 metra\u2705 Rezistenc\u00eb ndaj nxeht\u00ebsis\u00eb: deri n\u00eb 110\u00b0C\u2705 Hiqet past\u00ebr: deri n\u00eb 60 dit\u00eb\u2705 Trash\u00ebsi: 110 mikron\u00eb I p\u00ebrshtatsh\u00ebm p\u00ebr maskimin e mureve, listelave, metaleve dhe sip\u00ebrfaqeve t\u00eb tjera ku k\u00ebrkohen skaje t\u00eb pastra boje dhe mbrojtje e besueshme\" \/>\n<meta property=\"og:url\" content=\"https:\/\/www.lansomania.com\/anchorx\/product\/premium-ngjites-letre-24mm-48mm-x-40metra\/\" \/>\n<meta property=\"og:site_name\" content=\"anchorX\" \/>\n<meta property=\"article:publisher\" content=\"https:\/\/www.facebook.com\/anchorXbylans\" \/>\n<meta property=\"article:modified_time\" content=\"2025-07-30T08:17:08+00:00\" \/>\n<meta property=\"og:image\" content=\"https:\/\/www.lansomania.com\/anchorx\/wp-content\/uploads\/2025\/07\/premium-masking-tape.jpg\" \/>\n\t<meta property=\"og:image:width\" content=\"458\" \/>\n\t<meta property=\"og:image:height\" content=\"488\" \/>\n\t<meta property=\"og:image:type\" content=\"image\/jpeg\" \/>\n<meta name=\"twitter:card\" content=\"summary_large_image\" \/>\n<meta name=\"twitter:label1\" content=\"Est. reading time\" \/>\n\t<meta name=\"twitter:data1\" content=\"1 minute\" \/>\n<script type=\"application\/ld+json\" class=\"yoast-schema-graph\">{\"@context\":\"https:\\\/\\\/schema.org\",\"@graph\":[{\"@type\":\"WebPage\",\"@id\":\"https:\\\/\\\/www.lansomania.com\\\/anchorx\\\/product\\\/premium-ngjites-letre-24mm-48mm-x-40metra\\\/\",\"url\":\"https:\\\/\\\/www.lansomania.com\\\/anchorx\\\/product\\\/premium-ngjites-letre-24mm-48mm-x-40metra\\\/\",\"name\":\"Premium Ngjit\u00ebs letre 24mm & 48mm x 40metra | anchorX\",\"isPartOf\":{\"@id\":\"https:\\\/\\\/www.lansomania.com\\\/anchorx\\\/#website\"},\"primaryImageOfPage\":{\"@id\":\"https:\\\/\\\/www.lansomania.com\\\/anchorx\\\/product\\\/premium-ngjites-letre-24mm-48mm-x-40metra\\\/#primaryimage\"},\"image\":{\"@id\":\"https:\\\/\\\/www.lansomania.com\\\/anchorx\\\/product\\\/premium-ngjites-letre-24mm-48mm-x-40metra\\\/#primaryimage\"},\"thumbnailUrl\":\"https:\\\/\\\/www.lansomania.com\\\/anchorx\\\/wp-content\\\/uploads\\\/2025\\\/07\\\/premium-masking-tape.jpg\",\"datePublished\":\"2025-07-30T08:14:21+00:00\",\"dateModified\":\"2025-07-30T08:17:08+00:00\",\"breadcrumb\":{\"@id\":\"https:\\\/\\\/www.lansomania.com\\\/anchorx\\\/product\\\/premium-ngjites-letre-24mm-48mm-x-40metra\\\/#breadcrumb\"},\"inLanguage\":\"en-US\",\"potentialAction\":[{\"@type\":\"ReadAction\",\"target\":[\"https:\\\/\\\/www.lansomania.com\\\/anchorx\\\/product\\\/premium-ngjites-letre-24mm-48mm-x-40metra\\\/\"]}]},{\"@type\":\"ImageObject\",\"inLanguage\":\"en-US\",\"@id\":\"https:\\\/\\\/www.lansomania.com\\\/anchorx\\\/product\\\/premium-ngjites-letre-24mm-48mm-x-40metra\\\/#primaryimage\",\"url\":\"https:\\\/\\\/www.lansomania.com\\\/anchorx\\\/wp-content\\\/uploads\\\/2025\\\/07\\\/premium-masking-tape.jpg\",\"contentUrl\":\"https:\\\/\\\/www.lansomania.com\\\/anchorx\\\/wp-content\\\/uploads\\\/2025\\\/07\\\/premium-masking-tape.jpg\",\"width\":458,\"height\":488},{\"@type\":\"BreadcrumbList\",\"@id\":\"https:\\\/\\\/www.lansomania.com\\\/anchorx\\\/product\\\/premium-ngjites-letre-24mm-48mm-x-40metra\\\/#breadcrumb\",\"itemListElement\":[{\"@type\":\"ListItem\",\"position\":1,\"name\":\"Home\",\"item\":\"https:\\\/\\\/www.lansomania.com\\\/anchorx\\\/\"},{\"@type\":\"ListItem\",\"position\":2,\"name\":\"Produktet\",\"item\":\"https:\\\/\\\/www.lansomania.com\\\/anchorx\\\/produktet\\\/\"},{\"@type\":\"ListItem\",\"position\":3,\"name\":\"Premium Ngjit\u00ebs letre 24mm &#038; 48mm x 40metra\"}]},{\"@type\":\"WebSite\",\"@id\":\"https:\\\/\\\/www.lansomania.com\\\/anchorx\\\/#website\",\"url\":\"https:\\\/\\\/www.lansomania.com\\\/anchorx\\\/\",\"name\":\"anchorX\",\"description\":\"Profila CD UD CW UW, SHKUM\u00cb, SILIKON DHE M\u00cb SHUM\u00cb\",\"publisher\":{\"@id\":\"https:\\\/\\\/www.lansomania.com\\\/anchorx\\\/#organization\"},\"potentialAction\":[{\"@type\":\"SearchAction\",\"target\":{\"@type\":\"EntryPoint\",\"urlTemplate\":\"https:\\\/\\\/www.lansomania.com\\\/anchorx\\\/?s={search_term_string}\"},\"query-input\":{\"@type\":\"PropertyValueSpecification\",\"valueRequired\":true,\"valueName\":\"search_term_string\"}}],\"inLanguage\":\"en-US\"},{\"@type\":\"Organization\",\"@id\":\"https:\\\/\\\/www.lansomania.com\\\/anchorx\\\/#organization\",\"name\":\"anchorX\",\"url\":\"https:\\\/\\\/www.lansomania.com\\\/anchorx\\\/\",\"logo\":{\"@type\":\"ImageObject\",\"inLanguage\":\"en-US\",\"@id\":\"https:\\\/\\\/www.lansomania.com\\\/anchorx\\\/#\\\/schema\\\/logo\\\/image\\\/\",\"url\":\"https:\\\/\\\/lansomania.com\\\/anchorx\\\/wp-content\\\/uploads\\\/2025\\\/07\\\/default.png\",\"contentUrl\":\"https:\\\/\\\/lansomania.com\\\/anchorx\\\/wp-content\\\/uploads\\\/2025\\\/07\\\/default.png\",\"width\":1000,\"height\":1000,\"caption\":\"anchorX\"},\"image\":{\"@id\":\"https:\\\/\\\/www.lansomania.com\\\/anchorx\\\/#\\\/schema\\\/logo\\\/image\\\/\"},\"sameAs\":[\"https:\\\/\\\/www.facebook.com\\\/anchorXbylans\",\"https:\\\/\\\/www.instagram.com\\\/anchorXbylans\"]}]}<\/script>\n<!-- \/ Yoast SEO plugin. -->","yoast_head_json":{"title":"Premium Ngjit\u00ebs letre 24mm & 48mm x 40metra | anchorX","robots":{"index":"index","follow":"follow","max-snippet":"max-snippet:-1","max-image-preview":"max-image-preview:large","max-video-preview":"max-video-preview:-1"},"canonical":"https:\/\/www.lansomania.com\/anchorx\/product\/premium-ngjites-letre-24mm-48mm-x-40metra\/","og_locale":"en_US","og_type":"article","og_title":"Premium Ngjit\u00ebs letre 24mm & 48mm x 40metra | anchorX","og_description":"Premium 24mm &amp; 48mm x 40m \u2013 I Q\u00ebndruesh\u00ebm &amp; Hiqet Past\u00ebr Arrini rezultate t\u00eb sakta dhe profesionale me shiritin ton\u00eb portokalli premium p\u00ebr p\u00ebrdorim industrial. Ofron ngjitje t\u00eb fort\u00eb dhe hiqet past\u00ebr pa l\u00ebn\u00eb mbetje \u2014 edhe pas 60 dit\u00ebsh. Rezistent ndaj nxeht\u00ebsis\u00eb deri n\u00eb 110\u00b0C dhe me trash\u00ebsi t\u00eb q\u00ebndrueshme prej 110 mikron\u00ebsh, \u00ebsht\u00eb ideal p\u00ebr projekte t\u00eb v\u00ebshtira si n\u00eb ambiente t\u00eb brendshme ashtu edhe t\u00eb jashtme. \u2705 Gjer\u00ebsi: 24 mm &amp; 48mm\u2705 Gjat\u00ebsi: 40 metra\u2705 Rezistenc\u00eb ndaj nxeht\u00ebsis\u00eb: deri n\u00eb 110\u00b0C\u2705 Hiqet past\u00ebr: deri n\u00eb 60 dit\u00eb\u2705 Trash\u00ebsi: 110 mikron\u00eb I p\u00ebrshtatsh\u00ebm p\u00ebr maskimin e mureve, listelave, metaleve dhe sip\u00ebrfaqeve t\u00eb tjera ku k\u00ebrkohen skaje t\u00eb pastra boje dhe mbrojtje e besueshme","og_url":"https:\/\/www.lansomania.com\/anchorx\/product\/premium-ngjites-letre-24mm-48mm-x-40metra\/","og_site_name":"anchorX","article_publisher":"https:\/\/www.facebook.com\/anchorXbylans","article_modified_time":"2025-07-30T08:17:08+00:00","og_image":[{"width":458,"height":488,"url":"https:\/\/www.lansomania.com\/anchorx\/wp-content\/uploads\/2025\/07\/premium-masking-tape.jpg","type":"image\/jpeg"}],"twitter_card":"summary_large_image","twitter_misc":{"Est. reading time":"1 minute"},"schema":{"@context":"https:\/\/schema.org","@graph":[{"@type":"WebPage","@id":"https:\/\/www.lansomania.com\/anchorx\/product\/premium-ngjites-letre-24mm-48mm-x-40metra\/","url":"https:\/\/www.lansomania.com\/anchorx\/product\/premium-ngjites-letre-24mm-48mm-x-40metra\/","name":"Premium Ngjit\u00ebs letre 24mm & 48mm x 40metra | anchorX","isPartOf":{"@id":"https:\/\/www.lansomania.com\/anchorx\/#website"},"primaryImageOfPage":{"@id":"https:\/\/www.lansomania.com\/anchorx\/product\/premium-ngjites-letre-24mm-48mm-x-40metra\/#primaryimage"},"image":{"@id":"https:\/\/www.lansomania.com\/anchorx\/product\/premium-ngjites-letre-24mm-48mm-x-40metra\/#primaryimage"},"thumbnailUrl":"https:\/\/www.lansomania.com\/anchorx\/wp-content\/uploads\/2025\/07\/premium-masking-tape.jpg","datePublished":"2025-07-30T08:14:21+00:00","dateModified":"2025-07-30T08:17:08+00:00","breadcrumb":{"@id":"https:\/\/www.lansomania.com\/anchorx\/product\/premium-ngjites-letre-24mm-48mm-x-40metra\/#breadcrumb"},"inLanguage":"en-US","potentialAction":[{"@type":"ReadAction","target":["https:\/\/www.lansomania.com\/anchorx\/product\/premium-ngjites-letre-24mm-48mm-x-40metra\/"]}]},{"@type":"ImageObject","inLanguage":"en-US","@id":"https:\/\/www.lansomania.com\/anchorx\/product\/premium-ngjites-letre-24mm-48mm-x-40metra\/#primaryimage","url":"https:\/\/www.lansomania.com\/anchorx\/wp-content\/uploads\/2025\/07\/premium-masking-tape.jpg","contentUrl":"https:\/\/www.lansomania.com\/anchorx\/wp-content\/uploads\/2025\/07\/premium-masking-tape.jpg","width":458,"height":488},{"@type":"BreadcrumbList","@id":"https:\/\/www.lansomania.com\/anchorx\/product\/premium-ngjites-letre-24mm-48mm-x-40metra\/#breadcrumb","itemListElement":[{"@type":"ListItem","position":1,"name":"Home","item":"https:\/\/www.lansomania.com\/anchorx\/"},{"@type":"ListItem","position":2,"name":"Produktet","item":"https:\/\/www.lansomania.com\/anchorx\/produktet\/"},{"@type":"ListItem","position":3,"name":"Premium Ngjit\u00ebs letre 24mm &#038; 48mm x 40metra"}]},{"@type":"WebSite","@id":"https:\/\/www.lansomania.com\/anchorx\/#website","url":"https:\/\/www.lansomania.com\/anchorx\/","name":"anchorX","description":"Profila CD UD CW UW, SHKUM\u00cb, SILIKON DHE M\u00cb SHUM\u00cb","publisher":{"@id":"https:\/\/www.lansomania.com\/anchorx\/#organization"},"potentialAction":[{"@type":"SearchAction","target":{"@type":"EntryPoint","urlTemplate":"https:\/\/www.lansomania.com\/anchorx\/?s={search_term_string}"},"query-input":{"@type":"PropertyValueSpecification","valueRequired":true,"valueName":"search_term_string"}}],"inLanguage":"en-US"},{"@type":"Organization","@id":"https:\/\/www.lansomania.com\/anchorx\/#organization","name":"anchorX","url":"https:\/\/www.lansomania.com\/anchorx\/","logo":{"@type":"ImageObject","inLanguage":"en-US","@id":"https:\/\/www.lansomania.com\/anchorx\/#\/schema\/logo\/image\/","url":"https:\/\/lansomania.com\/anchorx\/wp-content\/uploads\/2025\/07\/default.png","contentUrl":"https:\/\/lansomania.com\/anchorx\/wp-content\/uploads\/2025\/07\/default.png","width":1000,"height":1000,"caption":"anchorX"},"image":{"@id":"https:\/\/www.lansomania.com\/anchorx\/#\/schema\/logo\/image\/"},"sameAs":["https:\/\/www.facebook.com\/anchorXbylans","https:\/\/www.instagram.com\/anchorXbylans"]}]}},"_links":{"self":[{"href":"https:\/\/www.lansomania.com\/anchorx\/wp-json\/wp\/v2\/product\/2298","targetHints":{"allow":["GET"]}}],"collection":[{"href":"https:\/\/www.lansomania.com\/anchorx\/wp-json\/wp\/v2\/product"}],"about":[{"href":"https:\/\/www.lansomania.com\/anchorx\/wp-json\/wp\/v2\/types\/product"}],"version-history":[{"count":2,"href":"https:\/\/www.lansomania.com\/anchorx\/wp-json\/wp\/v2\/product\/2298\/revisions"}],"predecessor-version":[{"id":2301,"href":"https:\/\/www.lansomania.com\/anchorx\/wp-json\/wp\/v2\/product\/2298\/revisions\/2301"}],"wp:featuredmedia":[{"embeddable":true,"href":"https:\/\/www.lansomania.com\/anchorx\/wp-json\/wp\/v2\/media\/2299"}],"wp:attachment":[{"href":"https:\/\/www.lansomania.com\/anchorx\/wp-json\/wp\/v2\/media?parent=2298"}],"wp:term":[{"taxonomy":"product_brand","embeddable":true,"href":"https:\/\/www.lansomania.com\/anchorx\/wp-json\/wp\/v2\/product_brand?post=2298"},{"taxonomy":"product_cat","embeddable":true,"href":"https:\/\/www.lansomania.com\/anchorx\/wp-json\/wp\/v2\/product_cat?post=2298"},{"taxonomy":"product_tag","embeddable":true,"href":"https:\/\/www.lansomania.com\/anchorx\/wp-json\/wp\/v2\/product_tag?post=2298"}],"curies":[{"name":"wp","href":"https:\/\/api.w.org\/{rel}","templated":true}]}}