{"id":2133,"date":"2025-07-17T12:44:56","date_gmt":"2025-07-17T10:44:56","guid":{"rendered":"https:\/\/lansomania.com\/anchorx\/?post_type=product&#038;p=2133"},"modified":"2025-07-18T09:30:59","modified_gmt":"2025-07-18T07:30:59","slug":"profil-cd","status":"publish","type":"product","link":"https:\/\/www.lansomania.com\/anchorx\/product\/profil-cd\/","title":{"rendered":"Profil CD"},"content":{"rendered":"","protected":false},"excerpt":{"rendered":"<p>Profil prej \u00e7eliku me p\u00ebrmasa 60\u00d727 mm (gjer\u00ebsi x lart\u00ebsi). K\u00ebto p\u00ebrdoren si profile kryesore dhe mb\u00ebshtet\u00ebse p\u00ebr konstruksione tavani prej gipsi, profile vertikale p\u00ebr veshje muri me korniz\u00eb metalike, etj.<\/p>\n","protected":false},"featured_media":2134,"template":"","meta":[],"product_brand":[],"product_cat":[46],"product_tag":[],"class_list":{"0":"post-2133","1":"product","2":"type-product","3":"status-publish","4":"has-post-thumbnail","6":"product_cat-profilet","8":"first","9":"instock","10":"shipping-taxable","11":"product-type-simple"},"yoast_head":"<!-- This site is optimized with the Yoast SEO plugin v27.4 - https:\/\/yoast.com\/product\/yoast-seo-wordpress\/ -->\n<title>Profil CD | anchorX<\/title>\n<meta name=\"robots\" content=\"index, follow, max-snippet:-1, max-image-preview:large, max-video-preview:-1\" \/>\n<link rel=\"canonical\" href=\"https:\/\/www.lansomania.com\/anchorx\/product\/profil-cd\/\" \/>\n<meta property=\"og:locale\" content=\"en_US\" \/>\n<meta property=\"og:type\" content=\"article\" \/>\n<meta property=\"og:title\" content=\"Profil CD | anchorX\" \/>\n<meta property=\"og:description\" content=\"Profil prej \u00e7eliku me p\u00ebrmasa 60\u00d727 mm (gjer\u00ebsi x lart\u00ebsi). K\u00ebto p\u00ebrdoren si profile kryesore dhe mb\u00ebshtet\u00ebse p\u00ebr konstruksione tavani prej gipsi, profile vertikale p\u00ebr veshje muri me korniz\u00eb metalike, etj.\" \/>\n<meta property=\"og:url\" content=\"https:\/\/www.lansomania.com\/anchorx\/product\/profil-cd\/\" \/>\n<meta property=\"og:site_name\" content=\"anchorX\" \/>\n<meta property=\"article:publisher\" content=\"https:\/\/www.facebook.com\/anchorXbylans\" \/>\n<meta property=\"article:modified_time\" content=\"2025-07-18T07:30:59+00:00\" \/>\n<meta property=\"og:image\" content=\"https:\/\/www.lansomania.com\/anchorx\/wp-content\/uploads\/2025\/07\/cd-profile.png\" \/>\n\t<meta property=\"og:image:width\" content=\"458\" \/>\n\t<meta property=\"og:image:height\" content=\"488\" \/>\n\t<meta property=\"og:image:type\" content=\"image\/png\" \/>\n<meta name=\"twitter:card\" content=\"summary_large_image\" \/>\n<meta name=\"twitter:label1\" content=\"Est. reading time\" \/>\n\t<meta name=\"twitter:data1\" content=\"1 minute\" \/>\n<script type=\"application\/ld+json\" class=\"yoast-schema-graph\">{\"@context\":\"https:\\\/\\\/schema.org\",\"@graph\":[{\"@type\":\"WebPage\",\"@id\":\"https:\\\/\\\/www.lansomania.com\\\/anchorx\\\/product\\\/profil-cd\\\/\",\"url\":\"https:\\\/\\\/www.lansomania.com\\\/anchorx\\\/product\\\/profil-cd\\\/\",\"name\":\"Profil CD | anchorX\",\"isPartOf\":{\"@id\":\"https:\\\/\\\/www.lansomania.com\\\/anchorx\\\/#website\"},\"primaryImageOfPage\":{\"@id\":\"https:\\\/\\\/www.lansomania.com\\\/anchorx\\\/product\\\/profil-cd\\\/#primaryimage\"},\"image\":{\"@id\":\"https:\\\/\\\/www.lansomania.com\\\/anchorx\\\/product\\\/profil-cd\\\/#primaryimage\"},\"thumbnailUrl\":\"https:\\\/\\\/www.lansomania.com\\\/anchorx\\\/wp-content\\\/uploads\\\/2025\\\/07\\\/cd-profile.png\",\"datePublished\":\"2025-07-17T10:44:56+00:00\",\"dateModified\":\"2025-07-18T07:30:59+00:00\",\"breadcrumb\":{\"@id\":\"https:\\\/\\\/www.lansomania.com\\\/anchorx\\\/product\\\/profil-cd\\\/#breadcrumb\"},\"inLanguage\":\"en-US\",\"potentialAction\":[{\"@type\":\"ReadAction\",\"target\":[\"https:\\\/\\\/www.lansomania.com\\\/anchorx\\\/product\\\/profil-cd\\\/\"]}]},{\"@type\":\"ImageObject\",\"inLanguage\":\"en-US\",\"@id\":\"https:\\\/\\\/www.lansomania.com\\\/anchorx\\\/product\\\/profil-cd\\\/#primaryimage\",\"url\":\"https:\\\/\\\/www.lansomania.com\\\/anchorx\\\/wp-content\\\/uploads\\\/2025\\\/07\\\/cd-profile.png\",\"contentUrl\":\"https:\\\/\\\/www.lansomania.com\\\/anchorx\\\/wp-content\\\/uploads\\\/2025\\\/07\\\/cd-profile.png\",\"width\":458,\"height\":488},{\"@type\":\"BreadcrumbList\",\"@id\":\"https:\\\/\\\/www.lansomania.com\\\/anchorx\\\/product\\\/profil-cd\\\/#breadcrumb\",\"itemListElement\":[{\"@type\":\"ListItem\",\"position\":1,\"name\":\"Home\",\"item\":\"https:\\\/\\\/www.lansomania.com\\\/anchorx\\\/\"},{\"@type\":\"ListItem\",\"position\":2,\"name\":\"Produktet\",\"item\":\"https:\\\/\\\/www.lansomania.com\\\/anchorx\\\/produktet\\\/\"},{\"@type\":\"ListItem\",\"position\":3,\"name\":\"Profil CD\"}]},{\"@type\":\"WebSite\",\"@id\":\"https:\\\/\\\/www.lansomania.com\\\/anchorx\\\/#website\",\"url\":\"https:\\\/\\\/www.lansomania.com\\\/anchorx\\\/\",\"name\":\"anchorX\",\"description\":\"Profila CD UD CW UW, SHKUM\u00cb, SILIKON DHE M\u00cb SHUM\u00cb\",\"publisher\":{\"@id\":\"https:\\\/\\\/www.lansomania.com\\\/anchorx\\\/#organization\"},\"potentialAction\":[{\"@type\":\"SearchAction\",\"target\":{\"@type\":\"EntryPoint\",\"urlTemplate\":\"https:\\\/\\\/www.lansomania.com\\\/anchorx\\\/?s={search_term_string}\"},\"query-input\":{\"@type\":\"PropertyValueSpecification\",\"valueRequired\":true,\"valueName\":\"search_term_string\"}}],\"inLanguage\":\"en-US\"},{\"@type\":\"Organization\",\"@id\":\"https:\\\/\\\/www.lansomania.com\\\/anchorx\\\/#organization\",\"name\":\"anchorX\",\"url\":\"https:\\\/\\\/www.lansomania.com\\\/anchorx\\\/\",\"logo\":{\"@type\":\"ImageObject\",\"inLanguage\":\"en-US\",\"@id\":\"https:\\\/\\\/www.lansomania.com\\\/anchorx\\\/#\\\/schema\\\/logo\\\/image\\\/\",\"url\":\"https:\\\/\\\/lansomania.com\\\/anchorx\\\/wp-content\\\/uploads\\\/2025\\\/07\\\/default.png\",\"contentUrl\":\"https:\\\/\\\/lansomania.com\\\/anchorx\\\/wp-content\\\/uploads\\\/2025\\\/07\\\/default.png\",\"width\":1000,\"height\":1000,\"caption\":\"anchorX\"},\"image\":{\"@id\":\"https:\\\/\\\/www.lansomania.com\\\/anchorx\\\/#\\\/schema\\\/logo\\\/image\\\/\"},\"sameAs\":[\"https:\\\/\\\/www.facebook.com\\\/anchorXbylans\",\"https:\\\/\\\/www.instagram.com\\\/anchorXbylans\"]}]}<\/script>\n<!-- \/ Yoast SEO plugin. -->","yoast_head_json":{"title":"Profil CD | anchorX","robots":{"index":"index","follow":"follow","max-snippet":"max-snippet:-1","max-image-preview":"max-image-preview:large","max-video-preview":"max-video-preview:-1"},"canonical":"https:\/\/www.lansomania.com\/anchorx\/product\/profil-cd\/","og_locale":"en_US","og_type":"article","og_title":"Profil CD | anchorX","og_description":"Profil prej \u00e7eliku me p\u00ebrmasa 60\u00d727 mm (gjer\u00ebsi x lart\u00ebsi). K\u00ebto p\u00ebrdoren si profile kryesore dhe mb\u00ebshtet\u00ebse p\u00ebr konstruksione tavani prej gipsi, profile vertikale p\u00ebr veshje muri me korniz\u00eb metalike, etj.","og_url":"https:\/\/www.lansomania.com\/anchorx\/product\/profil-cd\/","og_site_name":"anchorX","article_publisher":"https:\/\/www.facebook.com\/anchorXbylans","article_modified_time":"2025-07-18T07:30:59+00:00","og_image":[{"width":458,"height":488,"url":"https:\/\/www.lansomania.com\/anchorx\/wp-content\/uploads\/2025\/07\/cd-profile.png","type":"image\/png"}],"twitter_card":"summary_large_image","twitter_misc":{"Est. reading time":"1 minute"},"schema":{"@context":"https:\/\/schema.org","@graph":[{"@type":"WebPage","@id":"https:\/\/www.lansomania.com\/anchorx\/product\/profil-cd\/","url":"https:\/\/www.lansomania.com\/anchorx\/product\/profil-cd\/","name":"Profil CD | anchorX","isPartOf":{"@id":"https:\/\/www.lansomania.com\/anchorx\/#website"},"primaryImageOfPage":{"@id":"https:\/\/www.lansomania.com\/anchorx\/product\/profil-cd\/#primaryimage"},"image":{"@id":"https:\/\/www.lansomania.com\/anchorx\/product\/profil-cd\/#primaryimage"},"thumbnailUrl":"https:\/\/www.lansomania.com\/anchorx\/wp-content\/uploads\/2025\/07\/cd-profile.png","datePublished":"2025-07-17T10:44:56+00:00","dateModified":"2025-07-18T07:30:59+00:00","breadcrumb":{"@id":"https:\/\/www.lansomania.com\/anchorx\/product\/profil-cd\/#breadcrumb"},"inLanguage":"en-US","potentialAction":[{"@type":"ReadAction","target":["https:\/\/www.lansomania.com\/anchorx\/product\/profil-cd\/"]}]},{"@type":"ImageObject","inLanguage":"en-US","@id":"https:\/\/www.lansomania.com\/anchorx\/product\/profil-cd\/#primaryimage","url":"https:\/\/www.lansomania.com\/anchorx\/wp-content\/uploads\/2025\/07\/cd-profile.png","contentUrl":"https:\/\/www.lansomania.com\/anchorx\/wp-content\/uploads\/2025\/07\/cd-profile.png","width":458,"height":488},{"@type":"BreadcrumbList","@id":"https:\/\/www.lansomania.com\/anchorx\/product\/profil-cd\/#breadcrumb","itemListElement":[{"@type":"ListItem","position":1,"name":"Home","item":"https:\/\/www.lansomania.com\/anchorx\/"},{"@type":"ListItem","position":2,"name":"Produktet","item":"https:\/\/www.lansomania.com\/anchorx\/produktet\/"},{"@type":"ListItem","position":3,"name":"Profil CD"}]},{"@type":"WebSite","@id":"https:\/\/www.lansomania.com\/anchorx\/#website","url":"https:\/\/www.lansomania.com\/anchorx\/","name":"anchorX","description":"Profila CD UD CW UW, SHKUM\u00cb, SILIKON DHE M\u00cb SHUM\u00cb","publisher":{"@id":"https:\/\/www.lansomania.com\/anchorx\/#organization"},"potentialAction":[{"@type":"SearchAction","target":{"@type":"EntryPoint","urlTemplate":"https:\/\/www.lansomania.com\/anchorx\/?s={search_term_string}"},"query-input":{"@type":"PropertyValueSpecification","valueRequired":true,"valueName":"search_term_string"}}],"inLanguage":"en-US"},{"@type":"Organization","@id":"https:\/\/www.lansomania.com\/anchorx\/#organization","name":"anchorX","url":"https:\/\/www.lansomania.com\/anchorx\/","logo":{"@type":"ImageObject","inLanguage":"en-US","@id":"https:\/\/www.lansomania.com\/anchorx\/#\/schema\/logo\/image\/","url":"https:\/\/lansomania.com\/anchorx\/wp-content\/uploads\/2025\/07\/default.png","contentUrl":"https:\/\/lansomania.com\/anchorx\/wp-content\/uploads\/2025\/07\/default.png","width":1000,"height":1000,"caption":"anchorX"},"image":{"@id":"https:\/\/www.lansomania.com\/anchorx\/#\/schema\/logo\/image\/"},"sameAs":["https:\/\/www.facebook.com\/anchorXbylans","https:\/\/www.instagram.com\/anchorXbylans"]}]}},"_links":{"self":[{"href":"https:\/\/www.lansomania.com\/anchorx\/wp-json\/wp\/v2\/product\/2133","targetHints":{"allow":["GET"]}}],"collection":[{"href":"https:\/\/www.lansomania.com\/anchorx\/wp-json\/wp\/v2\/product"}],"about":[{"href":"https:\/\/www.lansomania.com\/anchorx\/wp-json\/wp\/v2\/types\/product"}],"version-history":[{"count":2,"href":"https:\/\/www.lansomania.com\/anchorx\/wp-json\/wp\/v2\/product\/2133\/revisions"}],"predecessor-version":[{"id":2222,"href":"https:\/\/www.lansomania.com\/anchorx\/wp-json\/wp\/v2\/product\/2133\/revisions\/2222"}],"wp:featuredmedia":[{"embeddable":true,"href":"https:\/\/www.lansomania.com\/anchorx\/wp-json\/wp\/v2\/media\/2134"}],"wp:attachment":[{"href":"https:\/\/www.lansomania.com\/anchorx\/wp-json\/wp\/v2\/media?parent=2133"}],"wp:term":[{"taxonomy":"product_brand","embeddable":true,"href":"https:\/\/www.lansomania.com\/anchorx\/wp-json\/wp\/v2\/product_brand?post=2133"},{"taxonomy":"product_cat","embeddable":true,"href":"https:\/\/www.lansomania.com\/anchorx\/wp-json\/wp\/v2\/product_cat?post=2133"},{"taxonomy":"product_tag","embeddable":true,"href":"https:\/\/www.lansomania.com\/anchorx\/wp-json\/wp\/v2\/product_tag?post=2133"}],"curies":[{"name":"wp","href":"https:\/\/api.w.org\/{rel}","templated":true}]}}