{"id":2124,"date":"2025-07-17T12:37:39","date_gmt":"2025-07-17T10:37:39","guid":{"rendered":"https:\/\/lansomania.com\/anchorx\/?post_type=product&#038;p=2124"},"modified":"2025-07-17T15:17:32","modified_gmt":"2025-07-17T13:17:32","slug":"profil-ud","status":"publish","type":"product","link":"https:\/\/www.lansomania.com\/anchorx\/product\/profil-ud\/","title":{"rendered":"Profil UD"},"content":{"rendered":"<p><span class=\"\">Profil prej \u00e7eliku me p\u00ebrmasa 28\u00d727 mm <\/span><span class=\"\">(gjer\u00ebsi x lart\u00ebsi). K\u00ebto sh\u00ebrbejn\u00eb si profile perimetri <\/span><span class=\"\">dhe, s\u00eb bashku me profilet CD, formojn\u00eb <\/span><span class=\"\">korniz\u00ebn p\u00ebr tavanet me pllaka gipsi, <\/span><span class=\"\">veshjen e papafingos dhe m\u00eb shum\u00eb. Nuk \u00ebsht\u00eb menduar p\u00ebr p\u00ebrdorim n\u00eb <\/span><span class=\"\">mjedise t\u00eb jashtme.<\/span><\/p>\n","protected":false},"excerpt":{"rendered":"<p><span class=\"\">Profil prej \u00e7eliku me p\u00ebrmasa 28\u00d727 mm <\/span><span class=\"\">(gjer\u00ebsi x lart\u00ebsi).<\/span><\/p>\n","protected":false},"featured_media":2125,"template":"","meta":[],"product_brand":[],"product_cat":[46],"product_tag":[],"class_list":{"0":"post-2124","1":"product","2":"type-product","3":"status-publish","4":"has-post-thumbnail","6":"product_cat-profilet","8":"first","9":"instock","10":"shipping-taxable","11":"product-type-simple"},"yoast_head":"<!-- This site is optimized with the Yoast SEO plugin v27.4 - https:\/\/yoast.com\/product\/yoast-seo-wordpress\/ -->\n<title>Profil UD | anchorX<\/title>\n<meta name=\"robots\" content=\"index, follow, max-snippet:-1, max-image-preview:large, max-video-preview:-1\" \/>\n<link rel=\"canonical\" href=\"https:\/\/www.lansomania.com\/anchorx\/product\/profil-ud\/\" \/>\n<meta property=\"og:locale\" content=\"en_US\" \/>\n<meta property=\"og:type\" content=\"article\" \/>\n<meta property=\"og:title\" content=\"Profil UD | anchorX\" \/>\n<meta property=\"og:description\" content=\"Profil prej \u00e7eliku me p\u00ebrmasa 28\u00d727 mm (gjer\u00ebsi x lart\u00ebsi).\" \/>\n<meta property=\"og:url\" content=\"https:\/\/www.lansomania.com\/anchorx\/product\/profil-ud\/\" \/>\n<meta property=\"og:site_name\" content=\"anchorX\" \/>\n<meta property=\"article:publisher\" content=\"https:\/\/www.facebook.com\/anchorXbylans\" \/>\n<meta property=\"article:modified_time\" content=\"2025-07-17T13:17:32+00:00\" \/>\n<meta property=\"og:image\" content=\"https:\/\/www.lansomania.com\/anchorx\/wp-content\/uploads\/2025\/07\/UDprofile.png\" \/>\n\t<meta property=\"og:image:width\" content=\"458\" \/>\n\t<meta property=\"og:image:height\" content=\"488\" \/>\n\t<meta property=\"og:image:type\" content=\"image\/png\" \/>\n<meta name=\"twitter:card\" content=\"summary_large_image\" \/>\n<script type=\"application\/ld+json\" class=\"yoast-schema-graph\">{\"@context\":\"https:\\\/\\\/schema.org\",\"@graph\":[{\"@type\":\"WebPage\",\"@id\":\"https:\\\/\\\/www.lansomania.com\\\/anchorx\\\/product\\\/profil-ud\\\/\",\"url\":\"https:\\\/\\\/www.lansomania.com\\\/anchorx\\\/product\\\/profil-ud\\\/\",\"name\":\"Profil UD | anchorX\",\"isPartOf\":{\"@id\":\"https:\\\/\\\/www.lansomania.com\\\/anchorx\\\/#website\"},\"primaryImageOfPage\":{\"@id\":\"https:\\\/\\\/www.lansomania.com\\\/anchorx\\\/product\\\/profil-ud\\\/#primaryimage\"},\"image\":{\"@id\":\"https:\\\/\\\/www.lansomania.com\\\/anchorx\\\/product\\\/profil-ud\\\/#primaryimage\"},\"thumbnailUrl\":\"https:\\\/\\\/www.lansomania.com\\\/anchorx\\\/wp-content\\\/uploads\\\/2025\\\/07\\\/UDprofile.png\",\"datePublished\":\"2025-07-17T10:37:39+00:00\",\"dateModified\":\"2025-07-17T13:17:32+00:00\",\"breadcrumb\":{\"@id\":\"https:\\\/\\\/www.lansomania.com\\\/anchorx\\\/product\\\/profil-ud\\\/#breadcrumb\"},\"inLanguage\":\"en-US\",\"potentialAction\":[{\"@type\":\"ReadAction\",\"target\":[\"https:\\\/\\\/www.lansomania.com\\\/anchorx\\\/product\\\/profil-ud\\\/\"]}]},{\"@type\":\"ImageObject\",\"inLanguage\":\"en-US\",\"@id\":\"https:\\\/\\\/www.lansomania.com\\\/anchorx\\\/product\\\/profil-ud\\\/#primaryimage\",\"url\":\"https:\\\/\\\/www.lansomania.com\\\/anchorx\\\/wp-content\\\/uploads\\\/2025\\\/07\\\/UDprofile.png\",\"contentUrl\":\"https:\\\/\\\/www.lansomania.com\\\/anchorx\\\/wp-content\\\/uploads\\\/2025\\\/07\\\/UDprofile.png\",\"width\":458,\"height\":488},{\"@type\":\"BreadcrumbList\",\"@id\":\"https:\\\/\\\/www.lansomania.com\\\/anchorx\\\/product\\\/profil-ud\\\/#breadcrumb\",\"itemListElement\":[{\"@type\":\"ListItem\",\"position\":1,\"name\":\"Home\",\"item\":\"https:\\\/\\\/www.lansomania.com\\\/anchorx\\\/\"},{\"@type\":\"ListItem\",\"position\":2,\"name\":\"Produktet\",\"item\":\"https:\\\/\\\/www.lansomania.com\\\/anchorx\\\/produktet\\\/\"},{\"@type\":\"ListItem\",\"position\":3,\"name\":\"Profil UD\"}]},{\"@type\":\"WebSite\",\"@id\":\"https:\\\/\\\/www.lansomania.com\\\/anchorx\\\/#website\",\"url\":\"https:\\\/\\\/www.lansomania.com\\\/anchorx\\\/\",\"name\":\"anchorX\",\"description\":\"Profila CD UD CW UW, SHKUM\u00cb, SILIKON DHE M\u00cb SHUM\u00cb\",\"publisher\":{\"@id\":\"https:\\\/\\\/www.lansomania.com\\\/anchorx\\\/#organization\"},\"potentialAction\":[{\"@type\":\"SearchAction\",\"target\":{\"@type\":\"EntryPoint\",\"urlTemplate\":\"https:\\\/\\\/www.lansomania.com\\\/anchorx\\\/?s={search_term_string}\"},\"query-input\":{\"@type\":\"PropertyValueSpecification\",\"valueRequired\":true,\"valueName\":\"search_term_string\"}}],\"inLanguage\":\"en-US\"},{\"@type\":\"Organization\",\"@id\":\"https:\\\/\\\/www.lansomania.com\\\/anchorx\\\/#organization\",\"name\":\"anchorX\",\"url\":\"https:\\\/\\\/www.lansomania.com\\\/anchorx\\\/\",\"logo\":{\"@type\":\"ImageObject\",\"inLanguage\":\"en-US\",\"@id\":\"https:\\\/\\\/www.lansomania.com\\\/anchorx\\\/#\\\/schema\\\/logo\\\/image\\\/\",\"url\":\"https:\\\/\\\/lansomania.com\\\/anchorx\\\/wp-content\\\/uploads\\\/2025\\\/07\\\/default.png\",\"contentUrl\":\"https:\\\/\\\/lansomania.com\\\/anchorx\\\/wp-content\\\/uploads\\\/2025\\\/07\\\/default.png\",\"width\":1000,\"height\":1000,\"caption\":\"anchorX\"},\"image\":{\"@id\":\"https:\\\/\\\/www.lansomania.com\\\/anchorx\\\/#\\\/schema\\\/logo\\\/image\\\/\"},\"sameAs\":[\"https:\\\/\\\/www.facebook.com\\\/anchorXbylans\",\"https:\\\/\\\/www.instagram.com\\\/anchorXbylans\"]}]}<\/script>\n<!-- \/ Yoast SEO plugin. -->","yoast_head_json":{"title":"Profil UD | anchorX","robots":{"index":"index","follow":"follow","max-snippet":"max-snippet:-1","max-image-preview":"max-image-preview:large","max-video-preview":"max-video-preview:-1"},"canonical":"https:\/\/www.lansomania.com\/anchorx\/product\/profil-ud\/","og_locale":"en_US","og_type":"article","og_title":"Profil UD | anchorX","og_description":"Profil prej \u00e7eliku me p\u00ebrmasa 28\u00d727 mm (gjer\u00ebsi x lart\u00ebsi).","og_url":"https:\/\/www.lansomania.com\/anchorx\/product\/profil-ud\/","og_site_name":"anchorX","article_publisher":"https:\/\/www.facebook.com\/anchorXbylans","article_modified_time":"2025-07-17T13:17:32+00:00","og_image":[{"width":458,"height":488,"url":"https:\/\/www.lansomania.com\/anchorx\/wp-content\/uploads\/2025\/07\/UDprofile.png","type":"image\/png"}],"twitter_card":"summary_large_image","schema":{"@context":"https:\/\/schema.org","@graph":[{"@type":"WebPage","@id":"https:\/\/www.lansomania.com\/anchorx\/product\/profil-ud\/","url":"https:\/\/www.lansomania.com\/anchorx\/product\/profil-ud\/","name":"Profil UD | anchorX","isPartOf":{"@id":"https:\/\/www.lansomania.com\/anchorx\/#website"},"primaryImageOfPage":{"@id":"https:\/\/www.lansomania.com\/anchorx\/product\/profil-ud\/#primaryimage"},"image":{"@id":"https:\/\/www.lansomania.com\/anchorx\/product\/profil-ud\/#primaryimage"},"thumbnailUrl":"https:\/\/www.lansomania.com\/anchorx\/wp-content\/uploads\/2025\/07\/UDprofile.png","datePublished":"2025-07-17T10:37:39+00:00","dateModified":"2025-07-17T13:17:32+00:00","breadcrumb":{"@id":"https:\/\/www.lansomania.com\/anchorx\/product\/profil-ud\/#breadcrumb"},"inLanguage":"en-US","potentialAction":[{"@type":"ReadAction","target":["https:\/\/www.lansomania.com\/anchorx\/product\/profil-ud\/"]}]},{"@type":"ImageObject","inLanguage":"en-US","@id":"https:\/\/www.lansomania.com\/anchorx\/product\/profil-ud\/#primaryimage","url":"https:\/\/www.lansomania.com\/anchorx\/wp-content\/uploads\/2025\/07\/UDprofile.png","contentUrl":"https:\/\/www.lansomania.com\/anchorx\/wp-content\/uploads\/2025\/07\/UDprofile.png","width":458,"height":488},{"@type":"BreadcrumbList","@id":"https:\/\/www.lansomania.com\/anchorx\/product\/profil-ud\/#breadcrumb","itemListElement":[{"@type":"ListItem","position":1,"name":"Home","item":"https:\/\/www.lansomania.com\/anchorx\/"},{"@type":"ListItem","position":2,"name":"Produktet","item":"https:\/\/www.lansomania.com\/anchorx\/produktet\/"},{"@type":"ListItem","position":3,"name":"Profil UD"}]},{"@type":"WebSite","@id":"https:\/\/www.lansomania.com\/anchorx\/#website","url":"https:\/\/www.lansomania.com\/anchorx\/","name":"anchorX","description":"Profila CD UD CW UW, SHKUM\u00cb, SILIKON DHE M\u00cb SHUM\u00cb","publisher":{"@id":"https:\/\/www.lansomania.com\/anchorx\/#organization"},"potentialAction":[{"@type":"SearchAction","target":{"@type":"EntryPoint","urlTemplate":"https:\/\/www.lansomania.com\/anchorx\/?s={search_term_string}"},"query-input":{"@type":"PropertyValueSpecification","valueRequired":true,"valueName":"search_term_string"}}],"inLanguage":"en-US"},{"@type":"Organization","@id":"https:\/\/www.lansomania.com\/anchorx\/#organization","name":"anchorX","url":"https:\/\/www.lansomania.com\/anchorx\/","logo":{"@type":"ImageObject","inLanguage":"en-US","@id":"https:\/\/www.lansomania.com\/anchorx\/#\/schema\/logo\/image\/","url":"https:\/\/lansomania.com\/anchorx\/wp-content\/uploads\/2025\/07\/default.png","contentUrl":"https:\/\/lansomania.com\/anchorx\/wp-content\/uploads\/2025\/07\/default.png","width":1000,"height":1000,"caption":"anchorX"},"image":{"@id":"https:\/\/www.lansomania.com\/anchorx\/#\/schema\/logo\/image\/"},"sameAs":["https:\/\/www.facebook.com\/anchorXbylans","https:\/\/www.instagram.com\/anchorXbylans"]}]}},"_links":{"self":[{"href":"https:\/\/www.lansomania.com\/anchorx\/wp-json\/wp\/v2\/product\/2124","targetHints":{"allow":["GET"]}}],"collection":[{"href":"https:\/\/www.lansomania.com\/anchorx\/wp-json\/wp\/v2\/product"}],"about":[{"href":"https:\/\/www.lansomania.com\/anchorx\/wp-json\/wp\/v2\/types\/product"}],"version-history":[{"count":2,"href":"https:\/\/www.lansomania.com\/anchorx\/wp-json\/wp\/v2\/product\/2124\/revisions"}],"predecessor-version":[{"id":2177,"href":"https:\/\/www.lansomania.com\/anchorx\/wp-json\/wp\/v2\/product\/2124\/revisions\/2177"}],"wp:featuredmedia":[{"embeddable":true,"href":"https:\/\/www.lansomania.com\/anchorx\/wp-json\/wp\/v2\/media\/2125"}],"wp:attachment":[{"href":"https:\/\/www.lansomania.com\/anchorx\/wp-json\/wp\/v2\/media?parent=2124"}],"wp:term":[{"taxonomy":"product_brand","embeddable":true,"href":"https:\/\/www.lansomania.com\/anchorx\/wp-json\/wp\/v2\/product_brand?post=2124"},{"taxonomy":"product_cat","embeddable":true,"href":"https:\/\/www.lansomania.com\/anchorx\/wp-json\/wp\/v2\/product_cat?post=2124"},{"taxonomy":"product_tag","embeddable":true,"href":"https:\/\/www.lansomania.com\/anchorx\/wp-json\/wp\/v2\/product_tag?post=2124"}],"curies":[{"name":"wp","href":"https:\/\/api.w.org\/{rel}","templated":true}]}}