{"id":570,"date":"2019-08-15T08:40:18","date_gmt":"2019-08-15T08:40:18","guid":{"rendered":"http:\/\/localhost\/industris\/?page_id=570"},"modified":"2025-07-17T12:32:03","modified_gmt":"2025-07-17T10:32:03","slug":"sherbimet-tona","status":"publish","type":"page","link":"https:\/\/www.lansomania.com\/anchorx\/sherbimet-tona\/","title":{"rendered":"Sh\u00ebrbimet tona"},"content":{"rendered":"\t\t<div data-elementor-type=\"wp-post\" data-elementor-id=\"570\" class=\"elementor elementor-570\">\n\t\t\t\t\t\t<section class=\"elementor-section elementor-top-section elementor-element elementor-element-cb77072 elementor-section-boxed elementor-section-height-default elementor-section-height-default\" data-id=\"cb77072\" data-element_type=\"section\" data-e-type=\"section\" data-settings=\"{&quot;background_background&quot;:&quot;classic&quot;}\">\n\t\t\t\t\t\t<div class=\"elementor-container elementor-column-gap-default\">\n\t\t\t\t\t<div class=\"elementor-column elementor-col-100 elementor-top-column elementor-element elementor-element-6ba9680\" data-id=\"6ba9680\" data-element_type=\"column\" data-e-type=\"column\">\n\t\t\t<div class=\"elementor-widget-wrap elementor-element-populated\">\n\t\t\t\t\t\t<div class=\"elementor-element elementor-element-2ed4c5c elementor-widget elementor-widget-iheading\" data-id=\"2ed4c5c\" data-element_type=\"widget\" data-e-type=\"widget\" data-widget_type=\"iheading.default\">\n\t\t\t\t<div class=\"elementor-widget-container\">\n\t\t\t\t\t\t\t<div class=\"section-head\">\r\n\t        \t        <h2 class=\"section-title\">\u00c7FAR\u00cb B\u00cbJM\u00cb NE <span class=\"text-primary\"><\/span><\/h2>\r\n\t        \t    <\/div>\r\n\t    \t\t\t\t<\/div>\n\t\t\t\t<\/div>\n\t\t\t\t<section class=\"elementor-section elementor-inner-section elementor-element elementor-element-c39545e elementor-section-full_width elementor-section-height-default elementor-section-height-default\" data-id=\"c39545e\" data-element_type=\"section\" data-e-type=\"section\">\n\t\t\t\t\t\t<div class=\"elementor-container elementor-column-gap-extended\">\n\t\t\t\t\t<div class=\"elementor-column elementor-col-33 elementor-inner-column elementor-element elementor-element-a8585b4\" data-id=\"a8585b4\" data-element_type=\"column\" data-e-type=\"column\">\n\t\t\t<div class=\"elementor-widget-wrap elementor-element-populated\">\n\t\t\t\t\t\t<div class=\"elementor-element elementor-element-f3be826 elementor-widget elementor-widget-iiconbox\" data-id=\"f3be826\" data-element_type=\"widget\" data-e-type=\"widget\" data-widget_type=\"iiconbox.default\">\n\t\t\t\t<div class=\"elementor-widget-container\">\n\t\t\t\t\t\t\t<div class=\"icon-box\">\r\n\t\t\t\t\t\t<div class=\"icon-top\">\r\n\t\t        \t\t         <img decoding=\"async\" src=\"https:\/\/lansomania.com\/anchorx\/wp-content\/uploads\/2025\/07\/profile-e1752743484837.png\" alt=\"\">\t        <\/div>\r\n\t        \t        <div class=\"content-box\">\r\n\t            <h4>Prodhim t\u00eb profileve<\/h4>\r\n\t            <p>Profile p\u00ebr pllaka gipsi si CD, UD, CW dhe UW.<\/p>\r\n\t            <a class=\"btn-details\" href=\"https:\/\/lansomania.com\/anchorx\/shop\/\">KLIKO P\u00cbR PRODUKTET<\/a>\t        <\/div>\r\n\t        \t    <\/div>\r\n\t    \t\t\t\t<\/div>\n\t\t\t\t<\/div>\n\t\t\t\t\t<\/div>\n\t\t<\/div>\n\t\t\t\t<div class=\"elementor-column elementor-col-33 elementor-inner-column elementor-element elementor-element-728270e\" data-id=\"728270e\" data-element_type=\"column\" data-e-type=\"column\">\n\t\t\t<div class=\"elementor-widget-wrap elementor-element-populated\">\n\t\t\t\t\t\t<div class=\"elementor-element elementor-element-31a1995 elementor-widget elementor-widget-iiconbox\" data-id=\"31a1995\" data-element_type=\"widget\" data-e-type=\"widget\" data-widget_type=\"iiconbox.default\">\n\t\t\t\t<div class=\"elementor-widget-container\">\n\t\t\t\t\t\t\t<div class=\"icon-box\">\r\n\t\t\t\t\t\t<div class=\"icon-top\">\r\n\t\t        \t\t         <img decoding=\"async\" src=\"https:\/\/lansomania.com\/anchorx\/wp-content\/uploads\/2025\/07\/spray-foam-e1752743529993.png\" alt=\"\">\t        <\/div>\r\n\t        \t        <div class=\"content-box\">\r\n\t            <h4> Izolim & Mbyllje<\/h4>\r\n\t            <p>Shkum\u00eb PU, shirita ngjit\u00ebs, silikon\u00eb p\u00ebr mbyllje fugash dhe izolim.<\/p>\r\n\t            <a class=\"btn-details\" href=\"https:\/\/lansomania.com\/anchorx\/shop\/\">KLIKO P\u00cbR PRODUKTET<\/a>\t        <\/div>\r\n\t        \t    <\/div>\r\n\t    \t\t\t\t<\/div>\n\t\t\t\t<\/div>\n\t\t\t\t\t<\/div>\n\t\t<\/div>\n\t\t\t\t<div class=\"elementor-column elementor-col-33 elementor-inner-column elementor-element elementor-element-32b5f8a\" data-id=\"32b5f8a\" data-element_type=\"column\" data-e-type=\"column\">\n\t\t\t<div class=\"elementor-widget-wrap elementor-element-populated\">\n\t\t\t\t\t\t<div class=\"elementor-element elementor-element-acfe260 elementor-widget elementor-widget-iiconbox\" data-id=\"acfe260\" data-element_type=\"widget\" data-e-type=\"widget\" data-widget_type=\"iiconbox.default\">\n\t\t\t\t<div class=\"elementor-widget-container\">\n\t\t\t\t\t\t\t<div class=\"icon-box\">\r\n\t\t\t\t\t\t<div class=\"icon-top\">\r\n\t\t        \t\t         <img decoding=\"async\" src=\"https:\/\/lansomania.com\/anchorx\/wp-content\/uploads\/2025\/07\/anchor-e1752744067234.png\" alt=\"\">\t        <\/div>\r\n\t        \t        <div class=\"content-box\">\r\n\t            <h4>Aksesor\u00eb<\/h4>\r\n\t            <p>Vida t\u00eb specializuara dhe element\u00eb lidh\u00ebs q\u00eb garantojn\u00eb montim t\u00eb sigurt.<\/p>\r\n\t            <a class=\"btn-details\" href=\"https:\/\/lansomania.com\/anchorx\/shop\/\">KLIKO P\u00cbR PRODUKTET<\/a>\t        <\/div>\r\n\t        \t    <\/div>\r\n\t    \t\t\t\t<\/div>\n\t\t\t\t<\/div>\n\t\t\t\t\t<\/div>\n\t\t<\/div>\n\t\t\t\t\t<\/div>\n\t\t<\/section>\n\t\t\t\t\t<\/div>\n\t\t<\/div>\n\t\t\t\t\t<\/div>\n\t\t<\/section>\n\t\t\t\t<\/div>\n\t\t","protected":false},"excerpt":{"rendered":"<p>\u00c7FAR\u00cb B\u00cbJM\u00cb NE Prodhim t\u00eb profileve Profile p\u00ebr pllaka gipsi si CD, UD, CW dhe UW. KLIKO P\u00cbR PRODUKTET Izolim &#038; Mbyllje Shkum\u00eb PU, shirita ngjit\u00ebs, silikon\u00eb p\u00ebr mbyllje fugash dhe izolim. KLIKO P\u00cbR PRODUKTET Aksesor\u00eb Vida t\u00eb specializuara dhe element\u00eb lidh\u00ebs q\u00eb garantojn\u00eb montim t\u00eb sigurt. KLIKO P\u00cbR PRODUKTET<\/p>\n","protected":false},"author":1,"featured_media":0,"parent":0,"menu_order":0,"comment_status":"closed","ping_status":"closed","template":"","meta":{"footnotes":""},"class_list":["post-570","page","type-page","status-publish","hentry"],"yoast_head":"<!-- This site is optimized with the Yoast SEO plugin v27.4 - https:\/\/yoast.com\/product\/yoast-seo-wordpress\/ -->\n<title>Sh\u00ebrbimet tona | anchorX<\/title>\n<meta name=\"robots\" content=\"index, follow, max-snippet:-1, max-image-preview:large, max-video-preview:-1\" \/>\n<link rel=\"canonical\" href=\"https:\/\/www.lansomania.com\/anchorx\/sherbimet-tona\/\" \/>\n<meta property=\"og:locale\" content=\"en_US\" \/>\n<meta property=\"og:type\" content=\"article\" \/>\n<meta property=\"og:title\" content=\"Sh\u00ebrbimet tona | anchorX\" \/>\n<meta property=\"og:description\" content=\"\u00c7FAR\u00cb B\u00cbJM\u00cb NE Prodhim t\u00eb profileve Profile p\u00ebr pllaka gipsi si CD, UD, CW dhe UW. KLIKO P\u00cbR PRODUKTET Izolim &#038; Mbyllje Shkum\u00eb PU, shirita ngjit\u00ebs, silikon\u00eb p\u00ebr mbyllje fugash dhe izolim. KLIKO P\u00cbR PRODUKTET Aksesor\u00eb Vida t\u00eb specializuara dhe element\u00eb lidh\u00ebs q\u00eb garantojn\u00eb montim t\u00eb sigurt. KLIKO P\u00cbR PRODUKTET\" \/>\n<meta property=\"og:url\" content=\"https:\/\/www.lansomania.com\/anchorx\/sherbimet-tona\/\" \/>\n<meta property=\"og:site_name\" content=\"anchorX\" \/>\n<meta property=\"article:publisher\" content=\"https:\/\/www.facebook.com\/anchorXbylans\" \/>\n<meta property=\"article:modified_time\" content=\"2025-07-17T10:32:03+00:00\" \/>\n<meta property=\"og:image\" content=\"https:\/\/lansomania.com\/anchorx\/wp-content\/uploads\/2025\/07\/profile-e1752743484837.png\" \/>\n<meta name=\"twitter:card\" content=\"summary_large_image\" \/>\n<script type=\"application\/ld+json\" class=\"yoast-schema-graph\">{\"@context\":\"https:\\\/\\\/schema.org\",\"@graph\":[{\"@type\":\"WebPage\",\"@id\":\"https:\\\/\\\/www.lansomania.com\\\/anchorx\\\/sherbimet-tona\\\/\",\"url\":\"https:\\\/\\\/www.lansomania.com\\\/anchorx\\\/sherbimet-tona\\\/\",\"name\":\"Sh\u00ebrbimet tona | anchorX\",\"isPartOf\":{\"@id\":\"https:\\\/\\\/www.lansomania.com\\\/anchorx\\\/#website\"},\"primaryImageOfPage\":{\"@id\":\"https:\\\/\\\/www.lansomania.com\\\/anchorx\\\/sherbimet-tona\\\/#primaryimage\"},\"image\":{\"@id\":\"https:\\\/\\\/www.lansomania.com\\\/anchorx\\\/sherbimet-tona\\\/#primaryimage\"},\"thumbnailUrl\":\"https:\\\/\\\/lansomania.com\\\/anchorx\\\/wp-content\\\/uploads\\\/2025\\\/07\\\/profile-e1752743484837.png\",\"datePublished\":\"2019-08-15T08:40:18+00:00\",\"dateModified\":\"2025-07-17T10:32:03+00:00\",\"breadcrumb\":{\"@id\":\"https:\\\/\\\/www.lansomania.com\\\/anchorx\\\/sherbimet-tona\\\/#breadcrumb\"},\"inLanguage\":\"en-US\",\"potentialAction\":[{\"@type\":\"ReadAction\",\"target\":[\"https:\\\/\\\/www.lansomania.com\\\/anchorx\\\/sherbimet-tona\\\/\"]}]},{\"@type\":\"ImageObject\",\"inLanguage\":\"en-US\",\"@id\":\"https:\\\/\\\/www.lansomania.com\\\/anchorx\\\/sherbimet-tona\\\/#primaryimage\",\"url\":\"https:\\\/\\\/lansomania.com\\\/anchorx\\\/wp-content\\\/uploads\\\/2025\\\/07\\\/profile-e1752743484837.png\",\"contentUrl\":\"https:\\\/\\\/lansomania.com\\\/anchorx\\\/wp-content\\\/uploads\\\/2025\\\/07\\\/profile-e1752743484837.png\"},{\"@type\":\"BreadcrumbList\",\"@id\":\"https:\\\/\\\/www.lansomania.com\\\/anchorx\\\/sherbimet-tona\\\/#breadcrumb\",\"itemListElement\":[{\"@type\":\"ListItem\",\"position\":1,\"name\":\"Home\",\"item\":\"https:\\\/\\\/www.lansomania.com\\\/anchorx\\\/\"},{\"@type\":\"ListItem\",\"position\":2,\"name\":\"Sh\u00ebrbimet tona\"}]},{\"@type\":\"WebSite\",\"@id\":\"https:\\\/\\\/www.lansomania.com\\\/anchorx\\\/#website\",\"url\":\"https:\\\/\\\/www.lansomania.com\\\/anchorx\\\/\",\"name\":\"anchorX\",\"description\":\"Profila CD UD CW UW, SHKUM\u00cb, SILIKON DHE M\u00cb SHUM\u00cb\",\"publisher\":{\"@id\":\"https:\\\/\\\/www.lansomania.com\\\/anchorx\\\/#organization\"},\"potentialAction\":[{\"@type\":\"SearchAction\",\"target\":{\"@type\":\"EntryPoint\",\"urlTemplate\":\"https:\\\/\\\/www.lansomania.com\\\/anchorx\\\/?s={search_term_string}\"},\"query-input\":{\"@type\":\"PropertyValueSpecification\",\"valueRequired\":true,\"valueName\":\"search_term_string\"}}],\"inLanguage\":\"en-US\"},{\"@type\":\"Organization\",\"@id\":\"https:\\\/\\\/www.lansomania.com\\\/anchorx\\\/#organization\",\"name\":\"anchorX\",\"url\":\"https:\\\/\\\/www.lansomania.com\\\/anchorx\\\/\",\"logo\":{\"@type\":\"ImageObject\",\"inLanguage\":\"en-US\",\"@id\":\"https:\\\/\\\/www.lansomania.com\\\/anchorx\\\/#\\\/schema\\\/logo\\\/image\\\/\",\"url\":\"https:\\\/\\\/lansomania.com\\\/anchorx\\\/wp-content\\\/uploads\\\/2025\\\/07\\\/default.png\",\"contentUrl\":\"https:\\\/\\\/lansomania.com\\\/anchorx\\\/wp-content\\\/uploads\\\/2025\\\/07\\\/default.png\",\"width\":1000,\"height\":1000,\"caption\":\"anchorX\"},\"image\":{\"@id\":\"https:\\\/\\\/www.lansomania.com\\\/anchorx\\\/#\\\/schema\\\/logo\\\/image\\\/\"},\"sameAs\":[\"https:\\\/\\\/www.facebook.com\\\/anchorXbylans\",\"https:\\\/\\\/www.instagram.com\\\/anchorXbylans\"]}]}<\/script>\n<!-- \/ Yoast SEO plugin. -->","yoast_head_json":{"title":"Sh\u00ebrbimet tona | anchorX","robots":{"index":"index","follow":"follow","max-snippet":"max-snippet:-1","max-image-preview":"max-image-preview:large","max-video-preview":"max-video-preview:-1"},"canonical":"https:\/\/www.lansomania.com\/anchorx\/sherbimet-tona\/","og_locale":"en_US","og_type":"article","og_title":"Sh\u00ebrbimet tona | anchorX","og_description":"\u00c7FAR\u00cb B\u00cbJM\u00cb NE Prodhim t\u00eb profileve Profile p\u00ebr pllaka gipsi si CD, UD, CW dhe UW. KLIKO P\u00cbR PRODUKTET Izolim &#038; Mbyllje Shkum\u00eb PU, shirita ngjit\u00ebs, silikon\u00eb p\u00ebr mbyllje fugash dhe izolim. KLIKO P\u00cbR PRODUKTET Aksesor\u00eb Vida t\u00eb specializuara dhe element\u00eb lidh\u00ebs q\u00eb garantojn\u00eb montim t\u00eb sigurt. KLIKO P\u00cbR PRODUKTET","og_url":"https:\/\/www.lansomania.com\/anchorx\/sherbimet-tona\/","og_site_name":"anchorX","article_publisher":"https:\/\/www.facebook.com\/anchorXbylans","article_modified_time":"2025-07-17T10:32:03+00:00","og_image":[{"url":"https:\/\/lansomania.com\/anchorx\/wp-content\/uploads\/2025\/07\/profile-e1752743484837.png","type":"","width":"","height":""}],"twitter_card":"summary_large_image","schema":{"@context":"https:\/\/schema.org","@graph":[{"@type":"WebPage","@id":"https:\/\/www.lansomania.com\/anchorx\/sherbimet-tona\/","url":"https:\/\/www.lansomania.com\/anchorx\/sherbimet-tona\/","name":"Sh\u00ebrbimet tona | anchorX","isPartOf":{"@id":"https:\/\/www.lansomania.com\/anchorx\/#website"},"primaryImageOfPage":{"@id":"https:\/\/www.lansomania.com\/anchorx\/sherbimet-tona\/#primaryimage"},"image":{"@id":"https:\/\/www.lansomania.com\/anchorx\/sherbimet-tona\/#primaryimage"},"thumbnailUrl":"https:\/\/lansomania.com\/anchorx\/wp-content\/uploads\/2025\/07\/profile-e1752743484837.png","datePublished":"2019-08-15T08:40:18+00:00","dateModified":"2025-07-17T10:32:03+00:00","breadcrumb":{"@id":"https:\/\/www.lansomania.com\/anchorx\/sherbimet-tona\/#breadcrumb"},"inLanguage":"en-US","potentialAction":[{"@type":"ReadAction","target":["https:\/\/www.lansomania.com\/anchorx\/sherbimet-tona\/"]}]},{"@type":"ImageObject","inLanguage":"en-US","@id":"https:\/\/www.lansomania.com\/anchorx\/sherbimet-tona\/#primaryimage","url":"https:\/\/lansomania.com\/anchorx\/wp-content\/uploads\/2025\/07\/profile-e1752743484837.png","contentUrl":"https:\/\/lansomania.com\/anchorx\/wp-content\/uploads\/2025\/07\/profile-e1752743484837.png"},{"@type":"BreadcrumbList","@id":"https:\/\/www.lansomania.com\/anchorx\/sherbimet-tona\/#breadcrumb","itemListElement":[{"@type":"ListItem","position":1,"name":"Home","item":"https:\/\/www.lansomania.com\/anchorx\/"},{"@type":"ListItem","position":2,"name":"Sh\u00ebrbimet tona"}]},{"@type":"WebSite","@id":"https:\/\/www.lansomania.com\/anchorx\/#website","url":"https:\/\/www.lansomania.com\/anchorx\/","name":"anchorX","description":"Profila CD UD CW UW, SHKUM\u00cb, SILIKON DHE M\u00cb SHUM\u00cb","publisher":{"@id":"https:\/\/www.lansomania.com\/anchorx\/#organization"},"potentialAction":[{"@type":"SearchAction","target":{"@type":"EntryPoint","urlTemplate":"https:\/\/www.lansomania.com\/anchorx\/?s={search_term_string}"},"query-input":{"@type":"PropertyValueSpecification","valueRequired":true,"valueName":"search_term_string"}}],"inLanguage":"en-US"},{"@type":"Organization","@id":"https:\/\/www.lansomania.com\/anchorx\/#organization","name":"anchorX","url":"https:\/\/www.lansomania.com\/anchorx\/","logo":{"@type":"ImageObject","inLanguage":"en-US","@id":"https:\/\/www.lansomania.com\/anchorx\/#\/schema\/logo\/image\/","url":"https:\/\/lansomania.com\/anchorx\/wp-content\/uploads\/2025\/07\/default.png","contentUrl":"https:\/\/lansomania.com\/anchorx\/wp-content\/uploads\/2025\/07\/default.png","width":1000,"height":1000,"caption":"anchorX"},"image":{"@id":"https:\/\/www.lansomania.com\/anchorx\/#\/schema\/logo\/image\/"},"sameAs":["https:\/\/www.facebook.com\/anchorXbylans","https:\/\/www.instagram.com\/anchorXbylans"]}]}},"_links":{"self":[{"href":"https:\/\/www.lansomania.com\/anchorx\/wp-json\/wp\/v2\/pages\/570","targetHints":{"allow":["GET"]}}],"collection":[{"href":"https:\/\/www.lansomania.com\/anchorx\/wp-json\/wp\/v2\/pages"}],"about":[{"href":"https:\/\/www.lansomania.com\/anchorx\/wp-json\/wp\/v2\/types\/page"}],"author":[{"embeddable":true,"href":"https:\/\/www.lansomania.com\/anchorx\/wp-json\/wp\/v2\/users\/1"}],"replies":[{"embeddable":true,"href":"https:\/\/www.lansomania.com\/anchorx\/wp-json\/wp\/v2\/comments?post=570"}],"version-history":[{"count":8,"href":"https:\/\/www.lansomania.com\/anchorx\/wp-json\/wp\/v2\/pages\/570\/revisions"}],"predecessor-version":[{"id":2122,"href":"https:\/\/www.lansomania.com\/anchorx\/wp-json\/wp\/v2\/pages\/570\/revisions\/2122"}],"wp:attachment":[{"href":"https:\/\/www.lansomania.com\/anchorx\/wp-json\/wp\/v2\/media?parent=570"}],"curies":[{"name":"wp","href":"https:\/\/api.w.org\/{rel}","templated":true}]}}