{"id":442,"date":"2019-08-08T03:02:22","date_gmt":"2019-08-08T03:02:22","guid":{"rendered":"http:\/\/localhost\/industris\/?page_id=442"},"modified":"2025-07-17T12:25:34","modified_gmt":"2025-07-17T10:25:34","slug":"rreth-nesh","status":"publish","type":"page","link":"https:\/\/www.lansomania.com\/anchorx\/rreth-nesh\/","title":{"rendered":"Rreth Nesh"},"content":{"rendered":"\t\t<div data-elementor-type=\"wp-post\" data-elementor-id=\"442\" class=\"elementor elementor-442\">\n\t\t\t\t\t\t<section class=\"elementor-section elementor-top-section elementor-element elementor-element-4eb1d62 elementor-section-boxed elementor-section-height-default elementor-section-height-default\" data-id=\"4eb1d62\" data-element_type=\"section\" data-e-type=\"section\">\n\t\t\t\t\t\t<div class=\"elementor-container elementor-column-gap-extended\">\n\t\t\t\t\t<div class=\"elementor-column elementor-col-33 elementor-top-column elementor-element elementor-element-c7cf5c7\" data-id=\"c7cf5c7\" data-element_type=\"column\" data-e-type=\"column\">\n\t\t\t<div class=\"elementor-widget-wrap elementor-element-populated\">\n\t\t\t\t\t\t<div class=\"elementor-element elementor-element-fecb90e elementor-widget elementor-widget-iheading\" data-id=\"fecb90e\" data-element_type=\"widget\" data-e-type=\"widget\" data-widget_type=\"iheading.default\">\n\t\t\t\t<div class=\"elementor-widget-container\">\n\t\t\t\t\t\t\t<div class=\"section-head\">\r\n\t        \t            <h6 class=\"text-primary\">HISTORIA JON\u00cb<\/h6>\r\n\t        \t        <h2 class=\"section-title\">anchorX <span class=\"text-primary\"><\/span><\/h2>\r\n\t        \t    <\/div>\r\n\t    \t\t\t\t<\/div>\n\t\t\t\t<\/div>\n\t\t\t\t<div class=\"elementor-element elementor-element-4ea1332 elementor-widget elementor-widget-text-editor\" data-id=\"4ea1332\" data-element_type=\"widget\" data-e-type=\"widget\" data-widget_type=\"text-editor.default\">\n\t\t\t\t\t\t\t\t\t<p data-start=\"93\" data-end=\"481\"><strong data-start=\"93\" data-end=\"104\">anchorX<\/strong> \u00ebsht\u00eb nj\u00eb mark\u00eb e krijuar nga <a href=\"https:\/\/Lansomania.com\"><strong data-start=\"135\" data-end=\"153\">Lans<\/strong><\/a>, me nj\u00eb vizion t\u00eb qart\u00eb: t\u00eb ofroj\u00eb <strong data-start=\"189\" data-end=\"243\">zgjidhje profesionale dhe t\u00eb besueshme p\u00ebr nd\u00ebrtim<\/strong>. Ne specializohemi n\u00eb produkte cil\u00ebsore duke p\u00ebrfshir\u00eb <strong data-start=\"357\" data-end=\"480\">profile metalike p\u00ebr pllaka gipsi, vida t\u00eb specializuara, shkum\u00eb poliuretani, silikon, shirita ngjit\u00ebs dhe aksesor\u00eb t\u00eb tjer\u00eb nd\u00ebrtimi<\/strong>.<\/p><p data-start=\"483\" data-end=\"699\"><strong data-start=\"483\" data-end=\"494\">anchorX<\/strong> lindi nga nevoja e tregut p\u00ebr nj\u00eb partner q\u00eb kupton r\u00ebnd\u00ebsin\u00eb e \u00e7do detaji. Misioni yn\u00eb \u00ebsht\u00eb t\u00eb mb\u00ebshtesim profesionist\u00ebt e nd\u00ebrtimit me produkte q\u00eb garantojn\u00eb montim t\u00eb sigurt, efikas dhe jet\u00ebgjat\u00ebsi.<\/p><p data-start=\"701\" data-end=\"981\">\u00c7do profil, \u00e7do vid\u00eb, \u00e7do aksesor q\u00eb ofrojm\u00eb, \u00ebsht\u00eb menduar p\u00ebr t\u00eb ndihmuar mjeshtrit t\u00eb krijojn\u00eb mure m\u00eb t\u00eb forta, tavane m\u00eb t\u00eb sigurta dhe hap\u00ebsira m\u00eb t\u00eb q\u00ebndrueshme. Ne besojm\u00eb se nd\u00ebrtimi nuk \u00ebsht\u00eb thjesht nj\u00eb pun\u00eb \u2014 \u00ebsht\u00eb p\u00ebrgjegj\u00ebsi ndaj cil\u00ebsis\u00eb dhe besimit t\u00eb klient\u00ebve.<\/p><p data-start=\"983\" data-end=\"1018\"><strong data-start=\"983\" data-end=\"1018\">anchorX \u2014 Besueshm\u00ebri q\u00eb zgjat.<\/strong><\/p>\t\t\t\t\t\t\t\t<\/div>\n\t\t\t\t\t<\/div>\n\t\t<\/div>\n\t\t\t\t<div class=\"elementor-column elementor-col-33 elementor-top-column elementor-element elementor-element-ad448db elementor-hidden-tablet elementor-hidden-phone\" data-id=\"ad448db\" data-element_type=\"column\" data-e-type=\"column\">\n\t\t\t<div class=\"elementor-widget-wrap\">\n\t\t\t\t\t\t\t<\/div>\n\t\t<\/div>\n\t\t\t\t<div class=\"elementor-column elementor-col-33 elementor-top-column elementor-element elementor-element-2223052\" data-id=\"2223052\" data-element_type=\"column\" data-e-type=\"column\">\n\t\t\t<div class=\"elementor-widget-wrap elementor-element-populated\">\n\t\t\t\t\t\t<div class=\"elementor-element elementor-element-c044a71 elementor-widget elementor-widget-image\" data-id=\"c044a71\" data-element_type=\"widget\" data-e-type=\"widget\" data-widget_type=\"image.default\">\n\t\t\t\t\t\t\t\t\t\t\t\t\t\t\t<img fetchpriority=\"high\" decoding=\"async\" width=\"1000\" height=\"1000\" src=\"https:\/\/www.lansomania.com\/anchorx\/wp-content\/uploads\/2025\/07\/default.png\" class=\"attachment-full size-full wp-image-9\" alt=\"\" srcset=\"https:\/\/www.lansomania.com\/anchorx\/wp-content\/uploads\/2025\/07\/default.png 1000w, https:\/\/www.lansomania.com\/anchorx\/wp-content\/uploads\/2025\/07\/default-300x300.png 300w, https:\/\/www.lansomania.com\/anchorx\/wp-content\/uploads\/2025\/07\/default-100x100.png 100w, https:\/\/www.lansomania.com\/anchorx\/wp-content\/uploads\/2025\/07\/default-600x600.png 600w, https:\/\/www.lansomania.com\/anchorx\/wp-content\/uploads\/2025\/07\/default-150x150.png 150w, https:\/\/www.lansomania.com\/anchorx\/wp-content\/uploads\/2025\/07\/default-768x768.png 768w\" sizes=\"(max-width: 1000px) 100vw, 1000px\" \/>\t\t\t\t\t\t\t\t\t\t\t\t\t\t\t<\/div>\n\t\t\t\t\t<\/div>\n\t\t<\/div>\n\t\t\t\t\t<\/div>\n\t\t<\/section>\n\t\t\t\t<section class=\"elementor-section elementor-top-section elementor-element elementor-element-89442a8 elementor-section-content-middle elementor-section-boxed elementor-section-height-default elementor-section-height-default\" data-id=\"89442a8\" data-element_type=\"section\" data-e-type=\"section\" data-settings=\"{&quot;background_background&quot;:&quot;classic&quot;}\">\n\t\t\t\t\t\t<div class=\"elementor-container elementor-column-gap-extended\">\n\t\t\t\t\t<div class=\"elementor-column elementor-col-50 elementor-top-column elementor-element elementor-element-125e119\" data-id=\"125e119\" data-element_type=\"column\" data-e-type=\"column\">\n\t\t\t<div class=\"elementor-widget-wrap elementor-element-populated\">\n\t\t\t\t\t\t<div class=\"elementor-element elementor-element-9f455a1 elementor-widget elementor-widget-heading\" data-id=\"9f455a1\" data-element_type=\"widget\" data-e-type=\"widget\" data-widget_type=\"heading.default\">\n\t\t\t\t\t<h4 class=\"elementor-heading-title elementor-size-default\">Misioni<\/h4>\t\t\t\t<\/div>\n\t\t\t\t<div class=\"elementor-element elementor-element-059b55a elementor-widget elementor-widget-text-editor\" data-id=\"059b55a\" data-element_type=\"widget\" data-e-type=\"widget\" data-widget_type=\"text-editor.default\">\n\t\t\t\t\t\t\t\t\t<p>T\u00eb ofrojm\u00eb aksesor\u00eb dhe profile nd\u00ebrtimi t\u00eb standardeve m\u00eb t\u00eb larta, q\u00eb u japin profesionist\u00ebve siguri, efikasitet dhe jet\u00ebgjat\u00ebsi n\u00eb \u00e7do projekt. Ne angazhohemi t\u00eb jemi partneri i besuar i mjesht\u00ebrve duke lidhur \u00e7do detaj me cil\u00ebsi dhe p\u00ebrkushtim.<\/p>\t\t\t\t\t\t\t\t<\/div>\n\t\t\t\t\t<\/div>\n\t\t<\/div>\n\t\t\t\t<div class=\"elementor-column elementor-col-50 elementor-top-column elementor-element elementor-element-3c157c4\" data-id=\"3c157c4\" data-element_type=\"column\" data-e-type=\"column\">\n\t\t\t<div class=\"elementor-widget-wrap elementor-element-populated\">\n\t\t\t\t\t\t<div class=\"elementor-element elementor-element-32c11c9 elementor-widget elementor-widget-heading\" data-id=\"32c11c9\" data-element_type=\"widget\" data-e-type=\"widget\" data-widget_type=\"heading.default\">\n\t\t\t\t\t<h4 class=\"elementor-heading-title elementor-size-default\">Vizioni<\/h4>\t\t\t\t<\/div>\n\t\t\t\t<div class=\"elementor-element elementor-element-d45a3cd elementor-widget elementor-widget-text-editor\" data-id=\"d45a3cd\" data-element_type=\"widget\" data-e-type=\"widget\" data-widget_type=\"text-editor.default\">\n\t\t\t\t\t\t\t\t\t<p>T\u00eb b\u00ebhemi marka lider n\u00eb rajon p\u00ebr sisteme dhe aksesor\u00eb nd\u00ebrtimi, duke vendosur standarde t\u00eb reja n\u00eb cil\u00ebsi dhe duke nd\u00ebrtuar besim t\u00eb q\u00ebndruesh\u00ebm n\u00eb \u00e7do mur, tavan dhe hap\u00ebsir\u00eb q\u00eb mbajn\u00eb firm\u00ebn anchorX.<\/p>\t\t\t\t\t\t\t\t<\/div>\n\t\t\t\t\t<\/div>\n\t\t<\/div>\n\t\t\t\t\t<\/div>\n\t\t<\/section>\n\t\t\t\t<\/div>\n\t\t","protected":false},"excerpt":{"rendered":"<p>HISTORIA JON\u00cb anchorX anchorX \u00ebsht\u00eb nj\u00eb mark\u00eb e krijuar nga Lans, me nj\u00eb vizion t\u00eb qart\u00eb: t\u00eb ofroj\u00eb zgjidhje profesionale dhe t\u00eb besueshme p\u00ebr nd\u00ebrtim. Ne specializohemi n\u00eb produkte cil\u00ebsore duke p\u00ebrfshir\u00eb profile metalike p\u00ebr pllaka gipsi, vida t\u00eb specializuara, shkum\u00eb poliuretani, silikon, shirita ngjit\u00ebs dhe aksesor\u00eb t\u00eb tjer\u00eb nd\u00ebrtimi. anchorX lindi nga nevoja e [&hellip;]<\/p>\n","protected":false},"author":1,"featured_media":0,"parent":0,"menu_order":0,"comment_status":"closed","ping_status":"closed","template":"","meta":{"footnotes":""},"class_list":["post-442","page","type-page","status-publish","hentry"],"yoast_head":"<!-- This site is optimized with the Yoast SEO plugin v27.4 - https:\/\/yoast.com\/product\/yoast-seo-wordpress\/ -->\n<title>Rreth Nesh | anchorX<\/title>\n<meta name=\"robots\" content=\"index, follow, max-snippet:-1, max-image-preview:large, max-video-preview:-1\" \/>\n<link rel=\"canonical\" href=\"https:\/\/www.lansomania.com\/anchorx\/rreth-nesh\/\" \/>\n<meta property=\"og:locale\" content=\"en_US\" \/>\n<meta property=\"og:type\" content=\"article\" \/>\n<meta property=\"og:title\" content=\"Rreth Nesh | anchorX\" \/>\n<meta property=\"og:description\" content=\"HISTORIA JON\u00cb anchorX anchorX \u00ebsht\u00eb nj\u00eb mark\u00eb e krijuar nga Lans, me nj\u00eb vizion t\u00eb qart\u00eb: t\u00eb ofroj\u00eb zgjidhje profesionale dhe t\u00eb besueshme p\u00ebr nd\u00ebrtim. Ne specializohemi n\u00eb produkte cil\u00ebsore duke p\u00ebrfshir\u00eb profile metalike p\u00ebr pllaka gipsi, vida t\u00eb specializuara, shkum\u00eb poliuretani, silikon, shirita ngjit\u00ebs dhe aksesor\u00eb t\u00eb tjer\u00eb nd\u00ebrtimi. anchorX lindi nga nevoja e [&hellip;]\" \/>\n<meta property=\"og:url\" content=\"https:\/\/www.lansomania.com\/anchorx\/rreth-nesh\/\" \/>\n<meta property=\"og:site_name\" content=\"anchorX\" \/>\n<meta property=\"article:publisher\" content=\"https:\/\/www.facebook.com\/anchorXbylans\" \/>\n<meta property=\"article:modified_time\" content=\"2025-07-17T10:25:34+00:00\" \/>\n<meta property=\"og:image\" content=\"https:\/\/lansomania.com\/anchorx\/wp-content\/uploads\/2025\/07\/default.png\" \/>\n<meta name=\"twitter:card\" content=\"summary_large_image\" \/>\n<meta name=\"twitter:label1\" content=\"Est. reading time\" \/>\n\t<meta name=\"twitter:data1\" content=\"1 minute\" \/>\n<script type=\"application\/ld+json\" class=\"yoast-schema-graph\">{\"@context\":\"https:\\\/\\\/schema.org\",\"@graph\":[{\"@type\":\"WebPage\",\"@id\":\"https:\\\/\\\/www.lansomania.com\\\/anchorx\\\/rreth-nesh\\\/\",\"url\":\"https:\\\/\\\/www.lansomania.com\\\/anchorx\\\/rreth-nesh\\\/\",\"name\":\"Rreth Nesh | anchorX\",\"isPartOf\":{\"@id\":\"https:\\\/\\\/www.lansomania.com\\\/anchorx\\\/#website\"},\"primaryImageOfPage\":{\"@id\":\"https:\\\/\\\/www.lansomania.com\\\/anchorx\\\/rreth-nesh\\\/#primaryimage\"},\"image\":{\"@id\":\"https:\\\/\\\/www.lansomania.com\\\/anchorx\\\/rreth-nesh\\\/#primaryimage\"},\"thumbnailUrl\":\"https:\\\/\\\/lansomania.com\\\/anchorx\\\/wp-content\\\/uploads\\\/2025\\\/07\\\/default.png\",\"datePublished\":\"2019-08-08T03:02:22+00:00\",\"dateModified\":\"2025-07-17T10:25:34+00:00\",\"breadcrumb\":{\"@id\":\"https:\\\/\\\/www.lansomania.com\\\/anchorx\\\/rreth-nesh\\\/#breadcrumb\"},\"inLanguage\":\"en-US\",\"potentialAction\":[{\"@type\":\"ReadAction\",\"target\":[\"https:\\\/\\\/www.lansomania.com\\\/anchorx\\\/rreth-nesh\\\/\"]}]},{\"@type\":\"ImageObject\",\"inLanguage\":\"en-US\",\"@id\":\"https:\\\/\\\/www.lansomania.com\\\/anchorx\\\/rreth-nesh\\\/#primaryimage\",\"url\":\"https:\\\/\\\/lansomania.com\\\/anchorx\\\/wp-content\\\/uploads\\\/2025\\\/07\\\/default.png\",\"contentUrl\":\"https:\\\/\\\/lansomania.com\\\/anchorx\\\/wp-content\\\/uploads\\\/2025\\\/07\\\/default.png\"},{\"@type\":\"BreadcrumbList\",\"@id\":\"https:\\\/\\\/www.lansomania.com\\\/anchorx\\\/rreth-nesh\\\/#breadcrumb\",\"itemListElement\":[{\"@type\":\"ListItem\",\"position\":1,\"name\":\"Home\",\"item\":\"https:\\\/\\\/www.lansomania.com\\\/anchorx\\\/\"},{\"@type\":\"ListItem\",\"position\":2,\"name\":\"Rreth Nesh\"}]},{\"@type\":\"WebSite\",\"@id\":\"https:\\\/\\\/www.lansomania.com\\\/anchorx\\\/#website\",\"url\":\"https:\\\/\\\/www.lansomania.com\\\/anchorx\\\/\",\"name\":\"anchorX\",\"description\":\"Profila CD UD CW UW, SHKUM\u00cb, SILIKON DHE M\u00cb SHUM\u00cb\",\"publisher\":{\"@id\":\"https:\\\/\\\/www.lansomania.com\\\/anchorx\\\/#organization\"},\"potentialAction\":[{\"@type\":\"SearchAction\",\"target\":{\"@type\":\"EntryPoint\",\"urlTemplate\":\"https:\\\/\\\/www.lansomania.com\\\/anchorx\\\/?s={search_term_string}\"},\"query-input\":{\"@type\":\"PropertyValueSpecification\",\"valueRequired\":true,\"valueName\":\"search_term_string\"}}],\"inLanguage\":\"en-US\"},{\"@type\":\"Organization\",\"@id\":\"https:\\\/\\\/www.lansomania.com\\\/anchorx\\\/#organization\",\"name\":\"anchorX\",\"url\":\"https:\\\/\\\/www.lansomania.com\\\/anchorx\\\/\",\"logo\":{\"@type\":\"ImageObject\",\"inLanguage\":\"en-US\",\"@id\":\"https:\\\/\\\/www.lansomania.com\\\/anchorx\\\/#\\\/schema\\\/logo\\\/image\\\/\",\"url\":\"https:\\\/\\\/lansomania.com\\\/anchorx\\\/wp-content\\\/uploads\\\/2025\\\/07\\\/default.png\",\"contentUrl\":\"https:\\\/\\\/lansomania.com\\\/anchorx\\\/wp-content\\\/uploads\\\/2025\\\/07\\\/default.png\",\"width\":1000,\"height\":1000,\"caption\":\"anchorX\"},\"image\":{\"@id\":\"https:\\\/\\\/www.lansomania.com\\\/anchorx\\\/#\\\/schema\\\/logo\\\/image\\\/\"},\"sameAs\":[\"https:\\\/\\\/www.facebook.com\\\/anchorXbylans\",\"https:\\\/\\\/www.instagram.com\\\/anchorXbylans\"]}]}<\/script>\n<!-- \/ Yoast SEO plugin. -->","yoast_head_json":{"title":"Rreth Nesh | anchorX","robots":{"index":"index","follow":"follow","max-snippet":"max-snippet:-1","max-image-preview":"max-image-preview:large","max-video-preview":"max-video-preview:-1"},"canonical":"https:\/\/www.lansomania.com\/anchorx\/rreth-nesh\/","og_locale":"en_US","og_type":"article","og_title":"Rreth Nesh | anchorX","og_description":"HISTORIA JON\u00cb anchorX anchorX \u00ebsht\u00eb nj\u00eb mark\u00eb e krijuar nga Lans, me nj\u00eb vizion t\u00eb qart\u00eb: t\u00eb ofroj\u00eb zgjidhje profesionale dhe t\u00eb besueshme p\u00ebr nd\u00ebrtim. Ne specializohemi n\u00eb produkte cil\u00ebsore duke p\u00ebrfshir\u00eb profile metalike p\u00ebr pllaka gipsi, vida t\u00eb specializuara, shkum\u00eb poliuretani, silikon, shirita ngjit\u00ebs dhe aksesor\u00eb t\u00eb tjer\u00eb nd\u00ebrtimi. anchorX lindi nga nevoja e [&hellip;]","og_url":"https:\/\/www.lansomania.com\/anchorx\/rreth-nesh\/","og_site_name":"anchorX","article_publisher":"https:\/\/www.facebook.com\/anchorXbylans","article_modified_time":"2025-07-17T10:25:34+00:00","og_image":[{"url":"https:\/\/lansomania.com\/anchorx\/wp-content\/uploads\/2025\/07\/default.png","type":"","width":"","height":""}],"twitter_card":"summary_large_image","twitter_misc":{"Est. reading time":"1 minute"},"schema":{"@context":"https:\/\/schema.org","@graph":[{"@type":"WebPage","@id":"https:\/\/www.lansomania.com\/anchorx\/rreth-nesh\/","url":"https:\/\/www.lansomania.com\/anchorx\/rreth-nesh\/","name":"Rreth Nesh | anchorX","isPartOf":{"@id":"https:\/\/www.lansomania.com\/anchorx\/#website"},"primaryImageOfPage":{"@id":"https:\/\/www.lansomania.com\/anchorx\/rreth-nesh\/#primaryimage"},"image":{"@id":"https:\/\/www.lansomania.com\/anchorx\/rreth-nesh\/#primaryimage"},"thumbnailUrl":"https:\/\/lansomania.com\/anchorx\/wp-content\/uploads\/2025\/07\/default.png","datePublished":"2019-08-08T03:02:22+00:00","dateModified":"2025-07-17T10:25:34+00:00","breadcrumb":{"@id":"https:\/\/www.lansomania.com\/anchorx\/rreth-nesh\/#breadcrumb"},"inLanguage":"en-US","potentialAction":[{"@type":"ReadAction","target":["https:\/\/www.lansomania.com\/anchorx\/rreth-nesh\/"]}]},{"@type":"ImageObject","inLanguage":"en-US","@id":"https:\/\/www.lansomania.com\/anchorx\/rreth-nesh\/#primaryimage","url":"https:\/\/lansomania.com\/anchorx\/wp-content\/uploads\/2025\/07\/default.png","contentUrl":"https:\/\/lansomania.com\/anchorx\/wp-content\/uploads\/2025\/07\/default.png"},{"@type":"BreadcrumbList","@id":"https:\/\/www.lansomania.com\/anchorx\/rreth-nesh\/#breadcrumb","itemListElement":[{"@type":"ListItem","position":1,"name":"Home","item":"https:\/\/www.lansomania.com\/anchorx\/"},{"@type":"ListItem","position":2,"name":"Rreth Nesh"}]},{"@type":"WebSite","@id":"https:\/\/www.lansomania.com\/anchorx\/#website","url":"https:\/\/www.lansomania.com\/anchorx\/","name":"anchorX","description":"Profila CD UD CW UW, SHKUM\u00cb, SILIKON DHE M\u00cb SHUM\u00cb","publisher":{"@id":"https:\/\/www.lansomania.com\/anchorx\/#organization"},"potentialAction":[{"@type":"SearchAction","target":{"@type":"EntryPoint","urlTemplate":"https:\/\/www.lansomania.com\/anchorx\/?s={search_term_string}"},"query-input":{"@type":"PropertyValueSpecification","valueRequired":true,"valueName":"search_term_string"}}],"inLanguage":"en-US"},{"@type":"Organization","@id":"https:\/\/www.lansomania.com\/anchorx\/#organization","name":"anchorX","url":"https:\/\/www.lansomania.com\/anchorx\/","logo":{"@type":"ImageObject","inLanguage":"en-US","@id":"https:\/\/www.lansomania.com\/anchorx\/#\/schema\/logo\/image\/","url":"https:\/\/lansomania.com\/anchorx\/wp-content\/uploads\/2025\/07\/default.png","contentUrl":"https:\/\/lansomania.com\/anchorx\/wp-content\/uploads\/2025\/07\/default.png","width":1000,"height":1000,"caption":"anchorX"},"image":{"@id":"https:\/\/www.lansomania.com\/anchorx\/#\/schema\/logo\/image\/"},"sameAs":["https:\/\/www.facebook.com\/anchorXbylans","https:\/\/www.instagram.com\/anchorXbylans"]}]}},"_links":{"self":[{"href":"https:\/\/www.lansomania.com\/anchorx\/wp-json\/wp\/v2\/pages\/442","targetHints":{"allow":["GET"]}}],"collection":[{"href":"https:\/\/www.lansomania.com\/anchorx\/wp-json\/wp\/v2\/pages"}],"about":[{"href":"https:\/\/www.lansomania.com\/anchorx\/wp-json\/wp\/v2\/types\/page"}],"author":[{"embeddable":true,"href":"https:\/\/www.lansomania.com\/anchorx\/wp-json\/wp\/v2\/users\/1"}],"replies":[{"embeddable":true,"href":"https:\/\/www.lansomania.com\/anchorx\/wp-json\/wp\/v2\/comments?post=442"}],"version-history":[{"count":11,"href":"https:\/\/www.lansomania.com\/anchorx\/wp-json\/wp\/v2\/pages\/442\/revisions"}],"predecessor-version":[{"id":2115,"href":"https:\/\/www.lansomania.com\/anchorx\/wp-json\/wp\/v2\/pages\/442\/revisions\/2115"}],"wp:attachment":[{"href":"https:\/\/www.lansomania.com\/anchorx\/wp-json\/wp\/v2\/media?parent=442"}],"curies":[{"name":"wp","href":"https:\/\/api.w.org\/{rel}","templated":true}]}}